{"id":3047,"date":"2022-10-08T00:03:54","date_gmt":"2022-10-08T05:03:54","guid":{"rendered":"https:\/\/rossellolaw.com\/?page_id=3047"},"modified":"2023-12-13T13:06:13","modified_gmt":"2023-12-13T18:06:13","slug":"wir","status":"publish","type":"page","link":"https:\/\/rossellolaw.com\/de\/wir\/","title":{"rendered":"Wir"},"content":{"rendered":"\t\t<div data-elementor-type=\"wp-page\" data-elementor-id=\"3047\" class=\"elementor elementor-3047 elementor-48\">\n\t\t\t\t\t\t<div class=\"elementor-inner\">\n\t\t\t\t<div class=\"elementor-section-wrap\">\n\t\t\t\t\t\t\t\t\t<section data-dce-background-overlay-color=\"#FFFFFF\" data-dce-background-image-url=\"https:\/\/rossellolaw.com\/wp-content\/uploads\/2022\/10\/bg-nosotros.jpg\" class=\"elementor-section elementor-top-section elementor-element elementor-element-8460cb9 elementor-section-height-min-height rey-section-bg--classic rey-section-stretched elementor-section-boxed elementor-section-height-default elementor-section-items-middle\" data-id=\"8460cb9\" data-element_type=\"section\" data-settings=\"{&quot;background_background&quot;:&quot;classic&quot;,&quot;jet_parallax_layout_list&quot;:[]}\">\n\t\t\t\t\t\t\t<div class=\"elementor-background-overlay\"><\/div>\n\t\t\t\t\t\t\t<div class=\"elementor-container elementor-column-gap-default\">\n\t\t\t\t\t\t\t<div class=\"elementor-row\">\n\t\t\t\t\t<div class=\"elementor-column elementor-col-100 elementor-top-column elementor-element elementor-element-e57ae59\" data-id=\"e57ae59\" data-element_type=\"column\">\n\t\t\t<div class=\"elementor-column-wrap--e57ae59 elementor-column-wrap elementor-element-populated\">\n\t\t\t\t\t\t\t<div class=\"elementor-widget-wrap\">\n\t\t\t\t\t\t<div class=\"elementor-element elementor-element-8877604 elementor-widget elementor-widget-heading\" data-id=\"8877604\" data-element_type=\"widget\" data-widget_type=\"heading.default\">\n\t\t\t\t<div class=\"elementor-widget-container\">\n\t\t\t<h1 class=\"elementor-heading-title elementor-size-default\">Wir<\/h1>\t\t<\/div>\n\t\t\t\t<\/div>\n\t\t\t\t\t\t<\/div>\n\t\t\t\t\t<\/div>\n\t\t<\/div>\n\t\t\t\t\t\t\t\t<\/div>\n\t\t\t\t\t<\/div>\n\t\t<\/section>\n\t\t\t\t<section class=\"elementor-section elementor-top-section elementor-element elementor-element-ec79dee elementor-section-boxed elementor-section-height-default elementor-section-height-default\" data-id=\"ec79dee\" data-element_type=\"section\" data-settings=\"{&quot;jet_parallax_layout_list&quot;:[]}\">\n\t\t\t\t\t\t<div class=\"elementor-container elementor-column-gap-default\">\n\t\t\t\t\t\t\t<div class=\"elementor-row\">\n\t\t\t\t\t<div class=\"elementor-column elementor-col-100 elementor-top-column elementor-element elementor-element-41ba667\" data-id=\"41ba667\" data-element_type=\"column\">\n\t\t\t<div class=\"elementor-column-wrap--41ba667 elementor-column-wrap elementor-element-populated\">\n\t\t\t\t\t\t\t<div class=\"elementor-widget-wrap\">\n\t\t\t\t\t\t<div class=\"elementor-element elementor-element-cbc42d4 elementor-widget elementor-widget-text-editor\" data-id=\"cbc42d4\" data-element_type=\"widget\" data-widget_type=\"text-editor.default\">\n\t\t\t\t<div class=\"elementor-widget-container\">\n\t\t\t\t\t\t\t\t<div class=\"elementor-text-editor elementor-clearfix\">\n\t\t\t\t<p>ROSSELL\u00d3 Abogados, gegr\u00fcndet 1997, ist eine der f\u00fchrenden Anwaltskanzleien in Peru. Sie besteht aus einem qualifizierten Team von Anw\u00e4lten, die die gleiche Vision von Exzellenz, Ethik und professionellem Engagement f\u00fcr ihre Kunden in einem proaktiven und innovativen Umfeld teilen.<\/p><p>Wir verstehen uns als Business Facilitator, da es unsere Aufgabe ist, unsere Kunden dabei zu unterst\u00fctzen, ihre Gesch\u00e4ftsziele zu erreichen.<\/p><p>Was uns von anderen unterscheidet und uns auf dem Markt hervorhebt, ist die direkte, unmittelbare und enge Kommunikation mit unseren Mandanten sowie das Bem\u00fchen, ihre Bed\u00fcrfnisse und ihre T\u00e4tigkeit zu verstehen und zu begleiten und ihnen umfassende rechtliche Strategien und L\u00f6sungen anzubieten.<\/p><p>ROSSELL\u00d3 Abogados ist eine Anwaltskanzlei mit allgemeiner Ausrichtung, die Dienstleistungen in verschiedenen Rechtsbereichen anbietet, was es uns erm\u00f6glicht, unseren Mandanten die auf dem Markt erforderliche umfassende rechtliche Unterst\u00fctzung zu bieten. Unsere T\u00e4tigkeiten umfassen unter anderem Infrastruktur und Bauwesen, Verwaltung und Regulierung, \u00f6ffentliches Auftragswesen und Regierungsbeziehungen, Schiedsverfahren, Steuern und Z\u00f6lle, Finanz- und Wertpapiermarkt, Arbeit und Einwanderung, geistiges Eigentum und Wettbewerb, Datenschutz, Werbung, Compliance, Energie, Bergbau, Streitbeilegung und Rechtsstreitigkeiten.<\/p><p>Unsere Kanzlei vertritt in- und ausl\u00e4ndische Investoren in verschiedenen Wirtschaftssektoren. Unsere Dienstleistungen reichen von der Unterst\u00fctzung privater Investoren bei ihren t\u00e4glichen Gesch\u00e4ften bis hin zum Abschluss komplexester Transaktionen.<\/p><p>Im Rahmen unserer Verpflichtung zur Bek\u00e4mpfung von Bestechungspraktiken im Allgemeinen sind wir nach ISO 37001 zertifiziert.<\/p>\t\t\t\t\t<\/div>\n\t\t\t\t\t\t<\/div>\n\t\t\t\t<\/div>\n\t\t\t\t\t\t<\/div>\n\t\t\t\t\t<\/div>\n\t\t<\/div>\n\t\t\t\t\t\t\t\t<\/div>\n\t\t\t\t\t<\/div>\n\t\t<\/section>\n\t\t\t\t\t\t\t\t\t<\/div>\n\t\t\t<\/div>\n\t\t\t\t\t<\/div>\n\t\t","protected":false},"excerpt":{"rendered":"<p>ROSSELL\u00d3 Abogados, gegr\u00fcndet 1997, ist eine der f\u00fchrenden Anwaltskanzleien in Peru. Sie besteht aus einem qualifizierten Team von Anw\u00e4lten, die die gleiche Vision von Exzellenz, Ethik und professionellem Engagement f\u00fcr ihre Kunden in einem proaktiven und innovativen Umfeld teilen. Wir verstehen uns als Business Facilitator, da es unsere Aufgabe ist, unsere Kunden dabei zu unterst\u00fctzen, [&hellip;]<\/p>\n","protected":false},"author":3,"featured_media":0,"parent":0,"menu_order":0,"comment_status":"closed","ping_status":"closed","template":"","meta":{"footnotes":""},"class_list":["post-3047","page","type-page","status-publish","hentry"],"acf":[],"yoast_head":"<!-- This site is optimized with the Yoast SEO Premium plugin v20.3 (Yoast SEO v20.7) - https:\/\/yoast.com\/wordpress\/plugins\/seo\/ -->\n<title>Wir | ROSSELLO Abogados<\/title>\n<meta name=\"robots\" content=\"index, follow, max-snippet:-1, max-image-preview:large, max-video-preview:-1\" \/>\n<link rel=\"canonical\" href=\"https:\/\/rossellolaw.com\/de\/wir\/\" \/>\n<meta property=\"og:locale\" content=\"de_DE\" \/>\n<meta property=\"og:type\" content=\"article\" \/>\n<meta property=\"og:title\" content=\"Wir\" \/>\n<meta property=\"og:description\" content=\"ROSSELL\u00d3 Abogados, gegr\u00fcndet 1997, ist eine der f\u00fchrenden Anwaltskanzleien in Peru. Sie besteht aus einem qualifizierten Team von Anw\u00e4lten, die die gleiche Vision von Exzellenz, Ethik und professionellem Engagement f\u00fcr ihre Kunden in einem proaktiven und innovativen Umfeld teilen. Wir verstehen uns als Business Facilitator, da es unsere Aufgabe ist, unsere Kunden dabei zu unterst\u00fctzen, [&hellip;]\" \/>\n<meta property=\"og:url\" content=\"https:\/\/rossellolaw.com\/de\/wir\/\" \/>\n<meta property=\"og:site_name\" content=\"ROSSELLO Abogados\" \/>\n<meta property=\"article:modified_time\" content=\"2023-12-13T18:06:13+00:00\" \/>\n<meta property=\"og:image\" content=\"https:\/\/rossellolaw.com\/wp-content\/uploads\/2023\/03\/rosello-th.jpg\" \/>\n\t<meta property=\"og:image:width\" content=\"1200\" \/>\n\t<meta property=\"og:image:height\" content=\"675\" \/>\n\t<meta property=\"og:image:type\" content=\"image\/jpeg\" \/>\n<meta name=\"twitter:card\" content=\"summary_large_image\" \/>\n<script type=\"application\/ld+json\" class=\"yoast-schema-graph\">{\"@context\":\"https:\/\/schema.org\",\"@graph\":[{\"@type\":\"WebPage\",\"@id\":\"https:\/\/rossellolaw.com\/de\/wir\/\",\"url\":\"https:\/\/rossellolaw.com\/de\/wir\/\",\"name\":\"Wir | ROSSELLO Abogados\",\"isPartOf\":{\"@id\":\"https:\/\/rossellolaw.com\/de\/#website\"},\"datePublished\":\"2022-10-08T05:03:54+00:00\",\"dateModified\":\"2023-12-13T18:06:13+00:00\",\"breadcrumb\":{\"@id\":\"https:\/\/rossellolaw.com\/de\/wir\/#breadcrumb\"},\"inLanguage\":\"de\",\"potentialAction\":[{\"@type\":\"ReadAction\",\"target\":[\"https:\/\/rossellolaw.com\/de\/wir\/\"]}]},{\"@type\":\"BreadcrumbList\",\"@id\":\"https:\/\/rossellolaw.com\/de\/wir\/#breadcrumb\",\"itemListElement\":[{\"@type\":\"ListItem\",\"position\":1,\"name\":\"Home\",\"item\":\"https:\/\/rossellolaw.com\/de\/\"},{\"@type\":\"ListItem\",\"position\":2,\"name\":\"Wir\"}]},{\"@type\":\"WebSite\",\"@id\":\"https:\/\/rossellolaw.com\/de\/#website\",\"url\":\"https:\/\/rossellolaw.com\/de\/\",\"name\":\"ROSSELLO Abogados\",\"description\":\"Representando a inversionistas nacionales y extranjeros\",\"publisher\":{\"@id\":\"https:\/\/rossellolaw.com\/de\/#organization\"},\"potentialAction\":[{\"@type\":\"SearchAction\",\"target\":{\"@type\":\"EntryPoint\",\"urlTemplate\":\"https:\/\/rossellolaw.com\/de\/?s={search_term_string}\"},\"query-input\":\"required name=search_term_string\"}],\"inLanguage\":\"de\"},{\"@type\":\"Organization\",\"@id\":\"https:\/\/rossellolaw.com\/de\/#organization\",\"name\":\"Estudio Rosello\",\"url\":\"https:\/\/rossellolaw.com\/de\/\",\"logo\":{\"@type\":\"ImageObject\",\"inLanguage\":\"de\",\"@id\":\"https:\/\/rossellolaw.com\/de\/#\/schema\/logo\/image\/\",\"url\":\"https:\/\/rossellolaw.com\/wp-content\/uploads\/2022\/10\/logo.svg\",\"contentUrl\":\"https:\/\/rossellolaw.com\/wp-content\/uploads\/2022\/10\/logo.svg\",\"width\":1633.299999999999954525264911353588104248046875,\"height\":717.700000000000045474735088646411895751953125,\"caption\":\"Estudio Rosello\"},\"image\":{\"@id\":\"https:\/\/rossellolaw.com\/de\/#\/schema\/logo\/image\/\"}}]}<\/script>\n<!-- \/ Yoast SEO Premium plugin. -->","yoast_head_json":{"title":"Wir | ROSSELLO Abogados","robots":{"index":"index","follow":"follow","max-snippet":"max-snippet:-1","max-image-preview":"max-image-preview:large","max-video-preview":"max-video-preview:-1"},"canonical":"https:\/\/rossellolaw.com\/de\/wir\/","og_locale":"de_DE","og_type":"article","og_title":"Wir","og_description":"ROSSELL\u00d3 Abogados, gegr\u00fcndet 1997, ist eine der f\u00fchrenden Anwaltskanzleien in Peru. Sie besteht aus einem qualifizierten Team von Anw\u00e4lten, die die gleiche Vision von Exzellenz, Ethik und professionellem Engagement f\u00fcr ihre Kunden in einem proaktiven und innovativen Umfeld teilen. Wir verstehen uns als Business Facilitator, da es unsere Aufgabe ist, unsere Kunden dabei zu unterst\u00fctzen, [&hellip;]","og_url":"https:\/\/rossellolaw.com\/de\/wir\/","og_site_name":"ROSSELLO Abogados","article_modified_time":"2023-12-13T18:06:13+00:00","og_image":[{"width":1200,"height":675,"url":"https:\/\/rossellolaw.com\/wp-content\/uploads\/2023\/03\/rosello-th.jpg","type":"image\/jpeg"}],"twitter_card":"summary_large_image","schema":{"@context":"https:\/\/schema.org","@graph":[{"@type":"WebPage","@id":"https:\/\/rossellolaw.com\/de\/wir\/","url":"https:\/\/rossellolaw.com\/de\/wir\/","name":"Wir | ROSSELLO Abogados","isPartOf":{"@id":"https:\/\/rossellolaw.com\/de\/#website"},"datePublished":"2022-10-08T05:03:54+00:00","dateModified":"2023-12-13T18:06:13+00:00","breadcrumb":{"@id":"https:\/\/rossellolaw.com\/de\/wir\/#breadcrumb"},"inLanguage":"de","potentialAction":[{"@type":"ReadAction","target":["https:\/\/rossellolaw.com\/de\/wir\/"]}]},{"@type":"BreadcrumbList","@id":"https:\/\/rossellolaw.com\/de\/wir\/#breadcrumb","itemListElement":[{"@type":"ListItem","position":1,"name":"Home","item":"https:\/\/rossellolaw.com\/de\/"},{"@type":"ListItem","position":2,"name":"Wir"}]},{"@type":"WebSite","@id":"https:\/\/rossellolaw.com\/de\/#website","url":"https:\/\/rossellolaw.com\/de\/","name":"ROSSELLO Abogados","description":"Representando a inversionistas nacionales y extranjeros","publisher":{"@id":"https:\/\/rossellolaw.com\/de\/#organization"},"potentialAction":[{"@type":"SearchAction","target":{"@type":"EntryPoint","urlTemplate":"https:\/\/rossellolaw.com\/de\/?s={search_term_string}"},"query-input":"required name=search_term_string"}],"inLanguage":"de"},{"@type":"Organization","@id":"https:\/\/rossellolaw.com\/de\/#organization","name":"Estudio Rosello","url":"https:\/\/rossellolaw.com\/de\/","logo":{"@type":"ImageObject","inLanguage":"de","@id":"https:\/\/rossellolaw.com\/de\/#\/schema\/logo\/image\/","url":"https:\/\/rossellolaw.com\/wp-content\/uploads\/2022\/10\/logo.svg","contentUrl":"https:\/\/rossellolaw.com\/wp-content\/uploads\/2022\/10\/logo.svg","width":1633.299999999999954525264911353588104248046875,"height":717.700000000000045474735088646411895751953125,"caption":"Estudio Rosello"},"image":{"@id":"https:\/\/rossellolaw.com\/de\/#\/schema\/logo\/image\/"}}]}},"_links":{"self":[{"href":"https:\/\/rossellolaw.com\/de\/wp-json\/wp\/v2\/pages\/3047","targetHints":{"allow":["GET"]}}],"collection":[{"href":"https:\/\/rossellolaw.com\/de\/wp-json\/wp\/v2\/pages"}],"about":[{"href":"https:\/\/rossellolaw.com\/de\/wp-json\/wp\/v2\/types\/page"}],"author":[{"embeddable":true,"href":"https:\/\/rossellolaw.com\/de\/wp-json\/wp\/v2\/users\/3"}],"replies":[{"embeddable":true,"href":"https:\/\/rossellolaw.com\/de\/wp-json\/wp\/v2\/comments?post=3047"}],"version-history":[{"count":5,"href":"https:\/\/rossellolaw.com\/de\/wp-json\/wp\/v2\/pages\/3047\/revisions"}],"predecessor-version":[{"id":3053,"href":"https:\/\/rossellolaw.com\/de\/wp-json\/wp\/v2\/pages\/3047\/revisions\/3053"}],"wp:attachment":[{"href":"https:\/\/rossellolaw.com\/de\/wp-json\/wp\/v2\/media?parent=3047"}],"curies":[{"name":"wp","href":"https:\/\/api.w.org\/{rel}","templated":true}]}}