{"id":3054,"date":"2022-10-07T23:41:31","date_gmt":"2022-10-08T04:41:31","guid":{"rendered":"https:\/\/rossellolaw.com\/?page_id=3054"},"modified":"2023-12-15T10:29:25","modified_gmt":"2023-12-15T15:29:25","slug":"startseite","status":"publish","type":"page","link":"https:\/\/rossellolaw.com\/de\/","title":{"rendered":"Startseite"},"content":{"rendered":"\t\t<div data-elementor-type=\"wp-page\" data-elementor-id=\"3054\" class=\"elementor elementor-3054 elementor-9\">\n\t\t\t\t\t\t<div class=\"elementor-inner\">\n\t\t\t\t<div class=\"elementor-section-wrap\">\n\t\t\t\t\t\t\t\t\t<section data-dce-background-overlay-color=\"#000000E3\" data-dce-background-image-url=\"https:\/\/rossellolaw.com\/wp-content\/uploads\/2022\/10\/bg_slider_2-home.jpg\" class=\"elementor-section elementor-top-section elementor-element elementor-element-7d80782 elementor-section-height-min-height rey-section-bg--classic rey-section-stretched elementor-section-boxed elementor-section-height-default elementor-section-items-middle elementor-invisible\" data-id=\"7d80782\" data-element_type=\"section\" data-settings=\"{&quot;background_background&quot;:&quot;classic&quot;,&quot;jet_parallax_layout_list&quot;:[],&quot;animation&quot;:&quot;fadeIn&quot;}\">\n\t\t\t\t\t\t\t<div class=\"elementor-background-overlay\"><\/div>\n\t\t\t\t\t\t\t<div class=\"elementor-container elementor-column-gap-default\">\n\t\t\t\t\t\t\t<div class=\"elementor-row\">\n\t\t\t\t\t<div class=\"elementor-column elementor-col-100 elementor-top-column elementor-element elementor-element-c404e01\" data-id=\"c404e01\" data-element_type=\"column\">\n\t\t\t<div class=\"elementor-column-wrap--c404e01 elementor-column-wrap elementor-element-populated\">\n\t\t\t\t\t\t\t<div class=\"elementor-widget-wrap\">\n\t\t\t\t\t\t<div class=\"elementor-element elementor-element-a146c4a elementor-invisible elementor-widget elementor-widget-heading\" data-id=\"a146c4a\" data-element_type=\"widget\" data-settings=\"{&quot;_animation&quot;:&quot;fadeInUp&quot;,&quot;_animation_delay&quot;:200}\" data-widget_type=\"heading.default\">\n\t\t\t\t<div class=\"elementor-widget-container\">\n\t\t\t<h2 class=\"elementor-heading-title elementor-size-default\">Vertretung von nationalen und ausl\u00e4ndischen Investoren<\/h2>\t\t<\/div>\n\t\t\t\t<\/div>\n\t\t\t\t<div class=\"elementor-element elementor-element-f4bb9e8 elementor-invisible elementor-widget elementor-widget-heading\" data-id=\"f4bb9e8\" data-element_type=\"widget\" data-settings=\"{&quot;_animation&quot;:&quot;fadeInUp&quot;,&quot;_animation_delay&quot;:900}\" data-widget_type=\"heading.default\">\n\t\t\t\t<div class=\"elementor-widget-container\">\n\t\t\t<span class=\"elementor-heading-title elementor-size-default\">- seit 1997 -<\/span>\t\t<\/div>\n\t\t\t\t<\/div>\n\t\t\t\t\t\t<\/div>\n\t\t\t\t\t<\/div>\n\t\t<\/div>\n\t\t\t\t\t\t\t\t<\/div>\n\t\t\t\t\t<\/div>\n\t\t<\/section>\n\t\t\t\t<section class=\"elementor-section elementor-top-section elementor-element elementor-element-035d030 rey-section-stretched elementor-section-boxed elementor-section-height-default elementor-section-height-default\" data-id=\"035d030\" data-element_type=\"section\" data-settings=\"{&quot;jet_parallax_layout_list&quot;:[]}\">\n\t\t\t\t\t\t<div class=\"elementor-container elementor-column-gap-default\">\n\t\t\t\t\t\t\t<div class=\"elementor-row\">\n\t\t\t\t\t<div class=\"elementor-column elementor-col-100 elementor-top-column elementor-element elementor-element-e0cd7e7\" data-id=\"e0cd7e7\" data-element_type=\"column\">\n\t\t\t<div class=\"elementor-column-wrap--e0cd7e7 elementor-column-wrap elementor-element-populated\">\n\t\t\t\t\t\t\t<div class=\"elementor-widget-wrap\">\n\t\t\t\t\t\t<div class=\"elementor-element elementor-element-1e243cb elementor-widget elementor-widget-text-editor\" data-id=\"1e243cb\" data-element_type=\"widget\" data-widget_type=\"text-editor.default\">\n\t\t\t\t<div class=\"elementor-widget-container\">\n\t\t\t\t\t\t\t\t<div class=\"elementor-text-editor elementor-clearfix\">\n\t\t\t\t<p>ROSSELL\u00d3 Abogados, gegr\u00fcndet 1997, ist eine der f\u00fchrenden Anwaltskanzleien in Peru. Sie besteht aus einem qualifizierten Team von Anw\u00e4lten, die die gleiche Vision von Exzellenz, Ethik und professionellem Engagement f\u00fcr ihre Kunden in einem proaktiven und innovativen Umfeld teilen.<\/p><p>Wir von ROSSELL\u00d3 Abogados haben uns seit unserer Gr\u00fcndung dazu verpflichtet, unsere juristischen Dienstleistungen nach den h\u00f6chsten ethischen und rechtlichen Standards zu erbringen.<\/p>\t\t\t\t\t<\/div>\n\t\t\t\t\t\t<\/div>\n\t\t\t\t<\/div>\n\t\t\t\t\t\t<\/div>\n\t\t\t\t\t<\/div>\n\t\t<\/div>\n\t\t\t\t\t\t\t\t<\/div>\n\t\t\t\t\t<\/div>\n\t\t<\/section>\n\t\t\t\t\t\t\t\t\t<\/div>\n\t\t\t<\/div>\n\t\t\t\t\t<\/div>\n\t\t","protected":false},"excerpt":{"rendered":"<p>Vertretung von nationalen und ausl\u00e4ndischen Investoren &#8211; seit 1997 &#8211; ROSSELL\u00d3 Abogados, gegr\u00fcndet 1997, ist eine der f\u00fchrenden Anwaltskanzleien in Peru. Sie besteht aus einem qualifizierten Team von Anw\u00e4lten, die die gleiche Vision von Exzellenz, Ethik und professionellem Engagement f\u00fcr ihre Kunden in einem proaktiven und innovativen Umfeld teilen. Wir von ROSSELL\u00d3 Abogados haben uns [&hellip;]<\/p>\n","protected":false},"author":3,"featured_media":0,"parent":0,"menu_order":0,"comment_status":"closed","ping_status":"closed","template":"template-builder.php","meta":{"footnotes":""},"class_list":["post-3054","page","type-page","status-publish","hentry"],"acf":[],"yoast_head":"<!-- This site is optimized with the Yoast SEO Premium plugin v20.3 (Yoast SEO v20.7) - https:\/\/yoast.com\/wordpress\/plugins\/seo\/ -->\n<title>Startseite | ROSSELLO Abogados<\/title>\n<meta name=\"robots\" content=\"index, follow, max-snippet:-1, max-image-preview:large, max-video-preview:-1\" \/>\n<link rel=\"canonical\" href=\"https:\/\/rossellolaw.com\/de\/\" \/>\n<meta property=\"og:locale\" content=\"de_DE\" \/>\n<meta property=\"og:type\" content=\"article\" \/>\n<meta property=\"og:title\" content=\"Startseite\" \/>\n<meta property=\"og:description\" content=\"Vertretung von nationalen und ausl\u00e4ndischen Investoren &#8211; seit 1997 &#8211; ROSSELL\u00d3 Abogados, gegr\u00fcndet 1997, ist eine der f\u00fchrenden Anwaltskanzleien in Peru. Sie besteht aus einem qualifizierten Team von Anw\u00e4lten, die die gleiche Vision von Exzellenz, Ethik und professionellem Engagement f\u00fcr ihre Kunden in einem proaktiven und innovativen Umfeld teilen. Wir von ROSSELL\u00d3 Abogados haben uns [&hellip;]\" \/>\n<meta property=\"og:url\" content=\"https:\/\/rossellolaw.com\/de\/\" \/>\n<meta property=\"og:site_name\" content=\"ROSSELLO Abogados\" \/>\n<meta property=\"article:modified_time\" content=\"2023-12-15T15:29:25+00:00\" \/>\n<meta property=\"og:image\" content=\"https:\/\/rossellolaw.com\/wp-content\/uploads\/2023\/03\/rosello-th.jpg\" \/>\n\t<meta property=\"og:image:width\" content=\"1200\" \/>\n\t<meta property=\"og:image:height\" content=\"675\" \/>\n\t<meta property=\"og:image:type\" content=\"image\/jpeg\" \/>\n<meta name=\"twitter:card\" content=\"summary_large_image\" \/>\n<script type=\"application\/ld+json\" class=\"yoast-schema-graph\">{\"@context\":\"https:\/\/schema.org\",\"@graph\":[{\"@type\":\"WebPage\",\"@id\":\"https:\/\/rossellolaw.com\/de\/\",\"url\":\"https:\/\/rossellolaw.com\/de\/\",\"name\":\"Startseite | ROSSELLO Abogados\",\"isPartOf\":{\"@id\":\"https:\/\/rossellolaw.com\/de\/#website\"},\"datePublished\":\"2022-10-08T04:41:31+00:00\",\"dateModified\":\"2023-12-15T15:29:25+00:00\",\"breadcrumb\":{\"@id\":\"https:\/\/rossellolaw.com\/de\/#breadcrumb\"},\"inLanguage\":\"de\",\"potentialAction\":[{\"@type\":\"ReadAction\",\"target\":[\"https:\/\/rossellolaw.com\/de\/\"]}]},{\"@type\":\"BreadcrumbList\",\"@id\":\"https:\/\/rossellolaw.com\/de\/#breadcrumb\",\"itemListElement\":[{\"@type\":\"ListItem\",\"position\":1,\"name\":\"Home\",\"item\":\"https:\/\/rossellolaw.com\/de\/\"},{\"@type\":\"ListItem\",\"position\":2,\"name\":\"Startseite\"}]},{\"@type\":\"WebSite\",\"@id\":\"https:\/\/rossellolaw.com\/de\/#website\",\"url\":\"https:\/\/rossellolaw.com\/de\/\",\"name\":\"ROSSELLO Abogados\",\"description\":\"Representando a inversionistas nacionales y extranjeros\",\"publisher\":{\"@id\":\"https:\/\/rossellolaw.com\/de\/#organization\"},\"potentialAction\":[{\"@type\":\"SearchAction\",\"target\":{\"@type\":\"EntryPoint\",\"urlTemplate\":\"https:\/\/rossellolaw.com\/de\/?s={search_term_string}\"},\"query-input\":\"required name=search_term_string\"}],\"inLanguage\":\"de\"},{\"@type\":\"Organization\",\"@id\":\"https:\/\/rossellolaw.com\/de\/#organization\",\"name\":\"Estudio Rosello\",\"url\":\"https:\/\/rossellolaw.com\/de\/\",\"logo\":{\"@type\":\"ImageObject\",\"inLanguage\":\"de\",\"@id\":\"https:\/\/rossellolaw.com\/de\/#\/schema\/logo\/image\/\",\"url\":\"https:\/\/rossellolaw.com\/wp-content\/uploads\/2022\/10\/logo.svg\",\"contentUrl\":\"https:\/\/rossellolaw.com\/wp-content\/uploads\/2022\/10\/logo.svg\",\"width\":1633.299999999999954525264911353588104248046875,\"height\":717.700000000000045474735088646411895751953125,\"caption\":\"Estudio Rosello\"},\"image\":{\"@id\":\"https:\/\/rossellolaw.com\/de\/#\/schema\/logo\/image\/\"}}]}<\/script>\n<!-- \/ Yoast SEO Premium plugin. -->","yoast_head_json":{"title":"Startseite | ROSSELLO Abogados","robots":{"index":"index","follow":"follow","max-snippet":"max-snippet:-1","max-image-preview":"max-image-preview:large","max-video-preview":"max-video-preview:-1"},"canonical":"https:\/\/rossellolaw.com\/de\/","og_locale":"de_DE","og_type":"article","og_title":"Startseite","og_description":"Vertretung von nationalen und ausl\u00e4ndischen Investoren &#8211; seit 1997 &#8211; ROSSELL\u00d3 Abogados, gegr\u00fcndet 1997, ist eine der f\u00fchrenden Anwaltskanzleien in Peru. Sie besteht aus einem qualifizierten Team von Anw\u00e4lten, die die gleiche Vision von Exzellenz, Ethik und professionellem Engagement f\u00fcr ihre Kunden in einem proaktiven und innovativen Umfeld teilen. Wir von ROSSELL\u00d3 Abogados haben uns [&hellip;]","og_url":"https:\/\/rossellolaw.com\/de\/","og_site_name":"ROSSELLO Abogados","article_modified_time":"2023-12-15T15:29:25+00:00","og_image":[{"width":1200,"height":675,"url":"https:\/\/rossellolaw.com\/wp-content\/uploads\/2023\/03\/rosello-th.jpg","type":"image\/jpeg"}],"twitter_card":"summary_large_image","schema":{"@context":"https:\/\/schema.org","@graph":[{"@type":"WebPage","@id":"https:\/\/rossellolaw.com\/de\/","url":"https:\/\/rossellolaw.com\/de\/","name":"Startseite | ROSSELLO Abogados","isPartOf":{"@id":"https:\/\/rossellolaw.com\/de\/#website"},"datePublished":"2022-10-08T04:41:31+00:00","dateModified":"2023-12-15T15:29:25+00:00","breadcrumb":{"@id":"https:\/\/rossellolaw.com\/de\/#breadcrumb"},"inLanguage":"de","potentialAction":[{"@type":"ReadAction","target":["https:\/\/rossellolaw.com\/de\/"]}]},{"@type":"BreadcrumbList","@id":"https:\/\/rossellolaw.com\/de\/#breadcrumb","itemListElement":[{"@type":"ListItem","position":1,"name":"Home","item":"https:\/\/rossellolaw.com\/de\/"},{"@type":"ListItem","position":2,"name":"Startseite"}]},{"@type":"WebSite","@id":"https:\/\/rossellolaw.com\/de\/#website","url":"https:\/\/rossellolaw.com\/de\/","name":"ROSSELLO Abogados","description":"Representando a inversionistas nacionales y extranjeros","publisher":{"@id":"https:\/\/rossellolaw.com\/de\/#organization"},"potentialAction":[{"@type":"SearchAction","target":{"@type":"EntryPoint","urlTemplate":"https:\/\/rossellolaw.com\/de\/?s={search_term_string}"},"query-input":"required name=search_term_string"}],"inLanguage":"de"},{"@type":"Organization","@id":"https:\/\/rossellolaw.com\/de\/#organization","name":"Estudio Rosello","url":"https:\/\/rossellolaw.com\/de\/","logo":{"@type":"ImageObject","inLanguage":"de","@id":"https:\/\/rossellolaw.com\/de\/#\/schema\/logo\/image\/","url":"https:\/\/rossellolaw.com\/wp-content\/uploads\/2022\/10\/logo.svg","contentUrl":"https:\/\/rossellolaw.com\/wp-content\/uploads\/2022\/10\/logo.svg","width":1633.299999999999954525264911353588104248046875,"height":717.700000000000045474735088646411895751953125,"caption":"Estudio Rosello"},"image":{"@id":"https:\/\/rossellolaw.com\/de\/#\/schema\/logo\/image\/"}}]}},"_links":{"self":[{"href":"https:\/\/rossellolaw.com\/de\/wp-json\/wp\/v2\/pages\/3054","targetHints":{"allow":["GET"]}}],"collection":[{"href":"https:\/\/rossellolaw.com\/de\/wp-json\/wp\/v2\/pages"}],"about":[{"href":"https:\/\/rossellolaw.com\/de\/wp-json\/wp\/v2\/types\/page"}],"author":[{"embeddable":true,"href":"https:\/\/rossellolaw.com\/de\/wp-json\/wp\/v2\/users\/3"}],"replies":[{"embeddable":true,"href":"https:\/\/rossellolaw.com\/de\/wp-json\/wp\/v2\/comments?post=3054"}],"version-history":[{"count":7,"href":"https:\/\/rossellolaw.com\/de\/wp-json\/wp\/v2\/pages\/3054\/revisions"}],"predecessor-version":[{"id":3338,"href":"https:\/\/rossellolaw.com\/de\/wp-json\/wp\/v2\/pages\/3054\/revisions\/3338"}],"wp:attachment":[{"href":"https:\/\/rossellolaw.com\/de\/wp-json\/wp\/v2\/media?parent=3054"}],"curies":[{"name":"wp","href":"https:\/\/api.w.org\/{rel}","templated":true}]}}