{"id":3339,"date":"2022-10-08T00:02:37","date_gmt":"2022-10-08T05:02:37","guid":{"rendered":"https:\/\/rossellolaw.com\/?page_id=3339"},"modified":"2023-12-15T10:52:57","modified_gmt":"2023-12-15T15:52:57","slug":"kontakt","status":"publish","type":"page","link":"https:\/\/rossellolaw.com\/de\/kontakt\/","title":{"rendered":"Kontakt"},"content":{"rendered":"\t\t<div data-elementor-type=\"wp-page\" data-elementor-id=\"3339\" class=\"elementor elementor-3339 elementor-37\">\n\t\t\t\t\t\t<div class=\"elementor-inner\">\n\t\t\t\t<div class=\"elementor-section-wrap\">\n\t\t\t\t\t\t\t\t\t<section data-dce-background-overlay-color=\"#FFFFFF\" data-dce-background-image-url=\"https:\/\/rossellolaw.com\/wp-content\/uploads\/2022\/10\/bg-nosotros.jpg\" class=\"elementor-section elementor-top-section elementor-element elementor-element-1022722 elementor-section-height-min-height rey-section-bg--classic rey-section-stretched elementor-section-boxed elementor-section-height-default elementor-section-items-middle\" data-id=\"1022722\" data-element_type=\"section\" data-settings=\"{&quot;background_background&quot;:&quot;classic&quot;,&quot;jet_parallax_layout_list&quot;:[]}\">\n\t\t\t\t\t\t\t<div class=\"elementor-background-overlay\"><\/div>\n\t\t\t\t\t\t\t<div class=\"elementor-container elementor-column-gap-default\">\n\t\t\t\t\t\t\t<div class=\"elementor-row\">\n\t\t\t\t\t<div class=\"elementor-column elementor-col-100 elementor-top-column elementor-element elementor-element-0e60046\" data-id=\"0e60046\" data-element_type=\"column\">\n\t\t\t<div class=\"elementor-column-wrap--0e60046 elementor-column-wrap elementor-element-populated\">\n\t\t\t\t\t\t\t<div class=\"elementor-widget-wrap\">\n\t\t\t\t\t\t<div class=\"elementor-element elementor-element-037eca3 elementor-widget elementor-widget-heading\" data-id=\"037eca3\" data-element_type=\"widget\" data-widget_type=\"heading.default\">\n\t\t\t\t<div class=\"elementor-widget-container\">\n\t\t\t<h1 class=\"elementor-heading-title elementor-size-default\">Kontakt<\/h1>\t\t<\/div>\n\t\t\t\t<\/div>\n\t\t\t\t\t\t<\/div>\n\t\t\t\t\t<\/div>\n\t\t<\/div>\n\t\t\t\t\t\t\t\t<\/div>\n\t\t\t\t\t<\/div>\n\t\t<\/section>\n\t\t\t\t<section class=\"elementor-section elementor-top-section elementor-element elementor-element-3111b9e elementor-section-boxed elementor-section-height-default elementor-section-height-default\" data-id=\"3111b9e\" data-element_type=\"section\" data-settings=\"{&quot;jet_parallax_layout_list&quot;:[]}\">\n\t\t\t\t\t\t<div class=\"elementor-container elementor-column-gap-default\">\n\t\t\t\t\t\t\t<div class=\"elementor-row\">\n\t\t\t\t\t<div class=\"elementor-column elementor-col-50 elementor-top-column elementor-element elementor-element-fb450f7\" data-id=\"fb450f7\" data-element_type=\"column\">\n\t\t\t<div class=\"elementor-column-wrap--fb450f7 elementor-column-wrap elementor-element-populated\">\n\t\t\t\t\t\t\t<div class=\"elementor-widget-wrap\">\n\t\t\t\t\t\t<div class=\"elementor-element elementor-element-d4bf9ab elementor-icon-list--layout-traditional elementor-list-item-link-full_width elementor-widget elementor-widget-icon-list\" data-id=\"d4bf9ab\" data-element_type=\"widget\" data-widget_type=\"icon-list.default\">\n\t\t\t\t<div class=\"elementor-widget-container\">\n\t\t\t\t\t<ul class=\"elementor-icon-list-items\">\n\t\t\t\t\t\t\t<li class=\"elementor-icon-list-item\">\n\t\t\t\t\t\t\t\t\t\t\t<span class=\"elementor-icon-list-icon\">\n\t\t\t\t\t\t\t<i aria-hidden=\"true\" class=\"fas fa-phone-alt\"><\/i>\t\t\t\t\t\t<\/span>\n\t\t\t\t\t\t\t\t\t\t<span class=\"elementor-icon-list-text\">(511) 230 0000<\/span>\n\t\t\t\t\t\t\t\t\t<\/li>\n\t\t\t\t\t\t\t\t<li class=\"elementor-icon-list-item\">\n\t\t\t\t\t\t\t\t\t\t\t<a href=\"mailto:rossello@rossellolaw.com\" target=\"_blank\">\n\n\t\t\t\t\t\t\t\t\t\t\t\t<span class=\"elementor-icon-list-icon\">\n\t\t\t\t\t\t\t<i aria-hidden=\"true\" class=\"fas fa-envelope\"><\/i>\t\t\t\t\t\t<\/span>\n\t\t\t\t\t\t\t\t\t\t<span class=\"elementor-icon-list-text\">rossello@rossellolaw.com<\/span>\n\t\t\t\t\t\t\t\t\t\t\t<\/a>\n\t\t\t\t\t\t\t\t\t<\/li>\n\t\t\t\t\t\t\t\t<li class=\"elementor-icon-list-item\">\n\t\t\t\t\t\t\t\t\t\t\t<a href=\"https:\/\/goo.gl\/maps\/v9WxdwMFLar\" target=\"_blank\">\n\n\t\t\t\t\t\t\t\t\t\t\t\t<span class=\"elementor-icon-list-icon\">\n\t\t\t\t\t\t\t<i aria-hidden=\"true\" class=\"fas fa-dot-circle\"><\/i>\t\t\t\t\t\t<\/span>\n\t\t\t\t\t\t\t\t\t\t<span class=\"elementor-icon-list-text\">Av. Camino Real Nr. 348, Torre El Pilar - 12. Stock, San Isidro, Lima 15073, Peru<\/span>\n\t\t\t\t\t\t\t\t\t\t\t<\/a>\n\t\t\t\t\t\t\t\t\t<\/li>\n\t\t\t\t\t\t<\/ul>\n\t\t\t\t<\/div>\n\t\t\t\t<\/div>\n\t\t\t\t\t\t<\/div>\n\t\t\t\t\t<\/div>\n\t\t<\/div>\n\t\t\t\t<div class=\"elementor-column elementor-col-50 elementor-top-column elementor-element elementor-element-90f2024\" data-id=\"90f2024\" data-element_type=\"column\">\n\t\t\t<div class=\"elementor-column-wrap--90f2024 elementor-column-wrap elementor-element-populated\">\n\t\t\t\t\t\t\t<div class=\"elementor-widget-wrap\">\n\t\t\t\t\t\t<div class=\"elementor-element elementor-element-67ef761 elementor-button-align-start elementor-mobile-button-align-center elementor-widget elementor-widget-form\" data-id=\"67ef761\" data-element_type=\"widget\" data-settings=\"{&quot;step_next_label&quot;:&quot;Next&quot;,&quot;step_previous_label&quot;:&quot;Previous&quot;,&quot;button_width&quot;:&quot;100&quot;,&quot;step_type&quot;:&quot;number_text&quot;,&quot;step_icon_shape&quot;:&quot;circle&quot;}\" data-widget_type=\"form.default\">\n\t\t\t\t<div class=\"elementor-widget-container\">\n\t\t\t\t\t<form class=\"elementor-form\" method=\"post\" name=\"Contacto\">\n\t\t\t<input type=\"hidden\" name=\"post_id\" value=\"3339\"\/>\n\t\t\t<input type=\"hidden\" name=\"form_id\" value=\"67ef761\"\/>\n\t\t\t<input type=\"hidden\" name=\"referer_title\" value=\"ROSSELLO Abogados\" \/>\n\n\t\t\t\n\t\t\t<div class=\"elementor-form-fields-wrapper elementor-labels-\">\n\t\t\t\t\t\t\t\t<div class=\"elementor-field-type-text elementor-field-group elementor-column elementor-field-group-name elementor-col-50 elementor-field-required\">\n\t\t\t\t\t\t\t\t\t\t\t\t<label for=\"form-field-name\" class=\"elementor-field-label elementor-screen-only\">\n\t\t\t\t\t\t\t\tName\t\t\t\t\t\t\t<\/label>\n\t\t\t\t\t\t\t\t\t\t\t\t\t\t<input size=\"1\" type=\"text\" name=\"form_fields[name]\" id=\"form-field-name\" class=\"elementor-field elementor-size-md  elementor-field-textual\" placeholder=\"Name\" required=\"required\" aria-required=\"true\">\n\t\t\t\t\t\t\t\t\t\t\t<\/div>\n\t\t\t\t\t\t\t\t<div class=\"elementor-field-type-text elementor-field-group elementor-column elementor-field-group-field_3b4ce8b elementor-col-50 elementor-field-required\">\n\t\t\t\t\t\t\t\t\t\t\t\t<label for=\"form-field-field_3b4ce8b\" class=\"elementor-field-label elementor-screen-only\">\n\t\t\t\t\t\t\t\tNachname\t\t\t\t\t\t\t<\/label>\n\t\t\t\t\t\t\t\t\t\t\t\t\t\t<input size=\"1\" type=\"text\" name=\"form_fields[field_3b4ce8b]\" id=\"form-field-field_3b4ce8b\" class=\"elementor-field elementor-size-md  elementor-field-textual\" placeholder=\"Nachname\" required=\"required\" aria-required=\"true\">\n\t\t\t\t\t\t\t\t\t\t\t<\/div>\n\t\t\t\t\t\t\t\t<div class=\"elementor-field-type-email elementor-field-group elementor-column elementor-field-group-email elementor-col-50 elementor-field-required\">\n\t\t\t\t\t\t\t\t\t\t\t\t<label for=\"form-field-email\" class=\"elementor-field-label elementor-screen-only\">\n\t\t\t\t\t\t\t\tE-Mail-Adresse\t\t\t\t\t\t\t<\/label>\n\t\t\t\t\t\t\t\t\t\t\t\t\t\t<input size=\"1\" type=\"email\" name=\"form_fields[email]\" id=\"form-field-email\" class=\"elementor-field elementor-size-md  elementor-field-textual\" placeholder=\"E-Mail-Adresse\" required=\"required\" aria-required=\"true\">\n\t\t\t\t\t\t\t\t\t\t\t<\/div>\n\t\t\t\t\t\t\t\t<div class=\"elementor-field-type-tel elementor-field-group elementor-column elementor-field-group-field_0ab8432 elementor-col-50 elementor-field-required\">\n\t\t\t\t\t\t\t\t\t\t\t\t<label for=\"form-field-field_0ab8432\" class=\"elementor-field-label elementor-screen-only\">\n\t\t\t\t\t\t\t\tTelefon\t\t\t\t\t\t\t<\/label>\n\t\t\t\t\t\t\t\t<input size=\"1\" type=\"tel\" name=\"form_fields[field_0ab8432]\" id=\"form-field-field_0ab8432\" class=\"elementor-field elementor-size-md  elementor-field-textual\" placeholder=\"Telefon\" required=\"required\" aria-required=\"true\" pattern=\"[0-9()#&amp;+*-=.]+\" title=\"Only numbers and phone characters (#, -, *, etc) are accepted.\">\n\n\t\t\t\t\t\t<\/div>\n\t\t\t\t\t\t\t\t<div class=\"elementor-field-type-text elementor-field-group elementor-column elementor-field-group-field_1ff5a91 elementor-col-100 elementor-field-required\">\n\t\t\t\t\t\t\t\t\t\t\t\t<label for=\"form-field-field_1ff5a91\" class=\"elementor-field-label elementor-screen-only\">\n\t\t\t\t\t\t\t\tBetreff\t\t\t\t\t\t\t<\/label>\n\t\t\t\t\t\t\t\t\t\t\t\t\t\t<input size=\"1\" type=\"text\" name=\"form_fields[field_1ff5a91]\" id=\"form-field-field_1ff5a91\" class=\"elementor-field elementor-size-md  elementor-field-textual\" placeholder=\"Betreff\" required=\"required\" aria-required=\"true\">\n\t\t\t\t\t\t\t\t\t\t\t<\/div>\n\t\t\t\t\t\t\t\t<div class=\"elementor-field-type-textarea elementor-field-group elementor-column elementor-field-group-message elementor-col-100 elementor-field-required\">\n\t\t\t\t\t\t\t\t\t\t\t\t<label for=\"form-field-message\" class=\"elementor-field-label elementor-screen-only\">\n\t\t\t\t\t\t\t\tNachricht\t\t\t\t\t\t\t<\/label>\n\t\t\t\t\t\t<textarea class=\"elementor-field-textual elementor-field  elementor-size-md\" name=\"form_fields[message]\" id=\"form-field-message\" rows=\"4\" placeholder=\"Nachricht\" required=\"required\" aria-required=\"true\"><\/textarea>\t\t\t\t<\/div>\n\t\t\t\t\t\t\t\t<div class=\"elementor-field-type-acceptance elementor-field-group elementor-column elementor-field-group-field_c92404b elementor-col-100 elementor-field-required\">\n\t\t\t\t\t\t\t\t\t\t\t\t<label for=\"form-field-field_c92404b\" class=\"elementor-field-label elementor-screen-only\">\n\t\t\t\t\t\t\t\tAcepto t\u00e9rminos\t\t\t\t\t\t\t<\/label>\n\t\t\t\t\t\t\t\t<div class=\"elementor-field-subgroup\">\n\t\t\t<span class=\"elementor-field-option\">\n\t\t\t\t<input type=\"checkbox\" name=\"form_fields[field_c92404b]\" id=\"form-field-field_c92404b\" class=\"elementor-field elementor-size-md  elementor-acceptance-field\" required=\"required\" aria-required=\"true\">\n\t\t\t\t<label for=\"form-field-field_c92404b\">Mit dem Absenden dieses Formulars erteile ich ROSSELL\u00d3 Abogados meine vorherige, ausdr\u00fcckliche und informierte Zustimmung zur Verarbeitung meiner pers\u00f6nlichen Daten in \u00dcbereinstimmung mit der Datenschutzrichtlinie.<\/label>\t\t\t<\/span>\n\t\t<\/div>\n\t\t\t\t\t\t<\/div>\n\t\t\t\t\t\t\t\t<div class=\"elementor-field-group elementor-column elementor-field-type-submit elementor-col-100 e-form__buttons\">\n\t\t\t\t\t<button type=\"submit\" class=\"elementor-button elementor-size-md\">\n\t\t\t\t\t\t<span >\n\t\t\t\t\t\t\t\t\t\t\t\t\t\t\t<span class=\" elementor-button-icon\">\n\t\t\t\t\t\t\t\t\t\t\t\t\t\t\t\t\t\t\t\t\t\t\t\t\t\t<\/span>\n\t\t\t\t\t\t\t\t\t\t\t\t\t\t\t\t\t\t\t\t\t\t<span class=\"elementor-button-text\">Senden<\/span>\n\t\t\t\t\t\t\t\t\t\t\t\t\t<\/span>\n\t\t\t\t\t<\/button>\n\t\t\t\t<\/div>\n\t\t\t<\/div>\n\t\t<\/form>\n\t\t\t\t<\/div>\n\t\t\t\t<\/div>\n\t\t\t\t<div class=\"elementor-element elementor-element-073adf0 elementor-widget elementor-widget-heading\" data-id=\"073adf0\" data-element_type=\"widget\" data-widget_type=\"heading.default\">\n\t\t\t\t<div class=\"elementor-widget-container\">\n\t\t\t<h5 class=\"elementor-heading-title elementor-size-default\">Verarbeitung von personenbezogenen Daten<\/h5>\t\t<\/div>\n\t\t\t\t<\/div>\n\t\t\t\t<div class=\"elementor-element elementor-element-8dd83e8 elementor-widget elementor-widget-text-editor\" data-id=\"8dd83e8\" data-element_type=\"widget\" data-widget_type=\"text-editor.default\">\n\t\t\t\t<div class=\"elementor-widget-container\">\n\t\t\t\t\t\t\t\t<div class=\"elementor-text-editor elementor-clearfix\">\n\t\t\t\t<p>Die mit diesem Formular \u00fcbermittelten und\/oder beigef\u00fcgten personenbezogenen Daten werden gespeichert und verarbeitet, damit ROSSELL\u00d3 Abogados Ihren Lebenslauf als potenziellen Kandidaten in einem Einstellungsverfahren bewerten und gegebenenfalls zu diesem Zweck mit Ihnen in Kontakt treten kann. Ihre pers\u00f6nlichen Daten werden von ROSSELL\u00d3 Abogados, Steuerzahlernummer (RUC) Nr. 20372475707 und Sitz in der Av. Camino Real Nr. 348 (Torre El Pilar), 12. Stock, Bezirk San Isidro, Provinz und Departement Lima, Peru, verarbeitet. Die Frist f\u00fcr die Bearbeitung betr\u00e4gt bis zu zw\u00f6lf (12) Monate nach der letzten Mitteilung, die Sie an ROSSELL\u00d3 Abogados senden.<\/p><p>Sie k\u00f6nnen Ihre Rechte nach dem Gesetz Nr. 29733 \u00fcber den Schutz personenbezogener Daten auch aus\u00fcben, indem Sie pers\u00f6nlich in unserem B\u00fcro erscheinen oder eine E-Mail an rossello@rossellolaw.com senden. Zu diesem Zweck und in allen Angelegenheiten, die in diesem Text nicht vorgesehen sind, gelten die Bestimmungen unserer Datenschutzrichtlinie.<\/p>\t\t\t\t\t<\/div>\n\t\t\t\t\t\t<\/div>\n\t\t\t\t<\/div>\n\t\t\t\t\t\t<\/div>\n\t\t\t\t\t<\/div>\n\t\t<\/div>\n\t\t\t\t\t\t\t\t<\/div>\n\t\t\t\t\t<\/div>\n\t\t<\/section>\n\t\t\t\t<section class=\"elementor-section elementor-top-section elementor-element elementor-element-bd37f47 elementor-section-full_width rey-section-stretched elementor-section-height-default elementor-section-height-default\" data-id=\"bd37f47\" data-element_type=\"section\" data-settings=\"{&quot;jet_parallax_layout_list&quot;:[]}\">\n\t\t\t\t\t\t<div class=\"elementor-container elementor-column-gap-default\">\n\t\t\t\t\t\t\t<div class=\"elementor-row\">\n\t\t\t\t\t<div class=\"elementor-column elementor-col-100 elementor-top-column elementor-element elementor-element-8e35cb3\" data-id=\"8e35cb3\" data-element_type=\"column\">\n\t\t\t<div class=\"elementor-column-wrap--8e35cb3 elementor-column-wrap elementor-element-populated\">\n\t\t\t\t\t\t\t<div class=\"elementor-widget-wrap\">\n\t\t\t\t\t\t<div class=\"elementor-element elementor-element-0e0df96 elementor-widget elementor-widget-jet-map\" data-id=\"0e0df96\" data-element_type=\"widget\" data-widget_type=\"jet-map.default\">\n\t\t\t\t<div class=\"elementor-widget-container\">\n\t\t\t<div class=\"jet-map\" data-init=\"{&quot;center&quot;:{&quot;lat&quot;:-12.097018999999999522287907893769443035125732421875,&quot;lng&quot;:-77.0362650000000002137312549166381359100341796875},&quot;zoom&quot;:15,&quot;scrollwheel&quot;:false,&quot;zoomControl&quot;:true,&quot;fullscreenControl&quot;:true,&quot;streetViewControl&quot;:true,&quot;mapTypeControl&quot;:true,&quot;pinsAutoClose&quot;:false}\" data-pins=\"[{&quot;position&quot;:{&quot;lat&quot;:-12.097018999999999522287907893769443035125732421875,&quot;lng&quot;:-77.0362650000000002137312549166381359100341796875},&quot;desc&quot;:&quot;&quot;,&quot;state&quot;:&quot;visible&quot;,&quot;image&quot;:&quot;https:\\\/\\\/rossellolaw.com\\\/wp-content\\\/uploads\\\/2022\\\/10\\\/icon_gps-contacto.png&quot;}]\"><\/div>\t\t<\/div>\n\t\t\t\t<\/div>\n\t\t\t\t\t\t<\/div>\n\t\t\t\t\t<\/div>\n\t\t<\/div>\n\t\t\t\t\t\t\t\t<\/div>\n\t\t\t\t\t<\/div>\n\t\t<\/section>\n\t\t\t\t\t\t\t\t\t<\/div>\n\t\t\t<\/div>\n\t\t\t\t\t<\/div>\n\t\t","protected":false},"excerpt":{"rendered":"<p>(511) 230 0000 rossello@rossellolaw.com Av. Camino Real Nr. 348, Torre El Pilar &#8211; 12. Stock, San Isidro, Lima 15073, Peru Verarbeitung von personenbezogenen Daten Die mit diesem Formular \u00fcbermittelten und\/oder beigef\u00fcgten personenbezogenen Daten werden gespeichert und verarbeitet, damit ROSSELL\u00d3 Abogados Ihren Lebenslauf als potenziellen Kandidaten in einem Einstellungsverfahren bewerten und gegebenenfalls zu diesem Zweck mit [&hellip;]<\/p>\n","protected":false},"author":3,"featured_media":0,"parent":0,"menu_order":0,"comment_status":"closed","ping_status":"closed","template":"","meta":{"footnotes":""},"class_list":["post-3339","page","type-page","status-publish","hentry"],"acf":[],"yoast_head":"<!-- This site is optimized with the Yoast SEO Premium plugin v20.3 (Yoast SEO v20.7) - https:\/\/yoast.com\/wordpress\/plugins\/seo\/ -->\n<title>Kontakt | ROSSELLO Abogados<\/title>\n<meta name=\"robots\" content=\"index, follow, max-snippet:-1, max-image-preview:large, max-video-preview:-1\" \/>\n<link rel=\"canonical\" href=\"https:\/\/rossellolaw.com\/de\/kontakt\/\" \/>\n<meta property=\"og:locale\" content=\"de_DE\" \/>\n<meta property=\"og:type\" content=\"article\" \/>\n<meta property=\"og:title\" content=\"Kontakt\" \/>\n<meta property=\"og:description\" content=\"(511) 230 0000 rossello@rossellolaw.com Av. Camino Real Nr. 348, Torre El Pilar &#8211; 12. Stock, San Isidro, Lima 15073, Peru Verarbeitung von personenbezogenen Daten Die mit diesem Formular \u00fcbermittelten und\/oder beigef\u00fcgten personenbezogenen Daten werden gespeichert und verarbeitet, damit ROSSELL\u00d3 Abogados Ihren Lebenslauf als potenziellen Kandidaten in einem Einstellungsverfahren bewerten und gegebenenfalls zu diesem Zweck mit [&hellip;]\" \/>\n<meta property=\"og:url\" content=\"https:\/\/rossellolaw.com\/de\/kontakt\/\" \/>\n<meta property=\"og:site_name\" content=\"ROSSELLO Abogados\" \/>\n<meta property=\"article:modified_time\" content=\"2023-12-15T15:52:57+00:00\" \/>\n<meta property=\"og:image\" content=\"https:\/\/rossellolaw.com\/wp-content\/uploads\/2023\/03\/rosello-th.jpg\" \/>\n\t<meta property=\"og:image:width\" content=\"1200\" \/>\n\t<meta property=\"og:image:height\" content=\"675\" \/>\n\t<meta property=\"og:image:type\" content=\"image\/jpeg\" \/>\n<meta name=\"twitter:card\" content=\"summary_large_image\" \/>\n<script type=\"application\/ld+json\" class=\"yoast-schema-graph\">{\"@context\":\"https:\/\/schema.org\",\"@graph\":[{\"@type\":\"WebPage\",\"@id\":\"https:\/\/rossellolaw.com\/de\/kontakt\/\",\"url\":\"https:\/\/rossellolaw.com\/de\/kontakt\/\",\"name\":\"Kontakt | ROSSELLO Abogados\",\"isPartOf\":{\"@id\":\"https:\/\/rossellolaw.com\/de\/#website\"},\"datePublished\":\"2022-10-08T05:02:37+00:00\",\"dateModified\":\"2023-12-15T15:52:57+00:00\",\"breadcrumb\":{\"@id\":\"https:\/\/rossellolaw.com\/de\/kontakt\/#breadcrumb\"},\"inLanguage\":\"de\",\"potentialAction\":[{\"@type\":\"ReadAction\",\"target\":[\"https:\/\/rossellolaw.com\/de\/kontakt\/\"]}]},{\"@type\":\"BreadcrumbList\",\"@id\":\"https:\/\/rossellolaw.com\/de\/kontakt\/#breadcrumb\",\"itemListElement\":[{\"@type\":\"ListItem\",\"position\":1,\"name\":\"Home\",\"item\":\"https:\/\/rossellolaw.com\/de\/\"},{\"@type\":\"ListItem\",\"position\":2,\"name\":\"Kontakt\"}]},{\"@type\":\"WebSite\",\"@id\":\"https:\/\/rossellolaw.com\/de\/#website\",\"url\":\"https:\/\/rossellolaw.com\/de\/\",\"name\":\"ROSSELLO Abogados\",\"description\":\"Representando a inversionistas nacionales y extranjeros\",\"publisher\":{\"@id\":\"https:\/\/rossellolaw.com\/de\/#organization\"},\"potentialAction\":[{\"@type\":\"SearchAction\",\"target\":{\"@type\":\"EntryPoint\",\"urlTemplate\":\"https:\/\/rossellolaw.com\/de\/?s={search_term_string}\"},\"query-input\":\"required name=search_term_string\"}],\"inLanguage\":\"de\"},{\"@type\":\"Organization\",\"@id\":\"https:\/\/rossellolaw.com\/de\/#organization\",\"name\":\"Estudio Rosello\",\"url\":\"https:\/\/rossellolaw.com\/de\/\",\"logo\":{\"@type\":\"ImageObject\",\"inLanguage\":\"de\",\"@id\":\"https:\/\/rossellolaw.com\/de\/#\/schema\/logo\/image\/\",\"url\":\"https:\/\/rossellolaw.com\/wp-content\/uploads\/2022\/10\/logo.svg\",\"contentUrl\":\"https:\/\/rossellolaw.com\/wp-content\/uploads\/2022\/10\/logo.svg\",\"width\":1633.299999999999954525264911353588104248046875,\"height\":717.700000000000045474735088646411895751953125,\"caption\":\"Estudio Rosello\"},\"image\":{\"@id\":\"https:\/\/rossellolaw.com\/de\/#\/schema\/logo\/image\/\"}}]}<\/script>\n<!-- \/ Yoast SEO Premium plugin. -->","yoast_head_json":{"title":"Kontakt | ROSSELLO Abogados","robots":{"index":"index","follow":"follow","max-snippet":"max-snippet:-1","max-image-preview":"max-image-preview:large","max-video-preview":"max-video-preview:-1"},"canonical":"https:\/\/rossellolaw.com\/de\/kontakt\/","og_locale":"de_DE","og_type":"article","og_title":"Kontakt","og_description":"(511) 230 0000 rossello@rossellolaw.com Av. Camino Real Nr. 348, Torre El Pilar &#8211; 12. Stock, San Isidro, Lima 15073, Peru Verarbeitung von personenbezogenen Daten Die mit diesem Formular \u00fcbermittelten und\/oder beigef\u00fcgten personenbezogenen Daten werden gespeichert und verarbeitet, damit ROSSELL\u00d3 Abogados Ihren Lebenslauf als potenziellen Kandidaten in einem Einstellungsverfahren bewerten und gegebenenfalls zu diesem Zweck mit [&hellip;]","og_url":"https:\/\/rossellolaw.com\/de\/kontakt\/","og_site_name":"ROSSELLO Abogados","article_modified_time":"2023-12-15T15:52:57+00:00","og_image":[{"width":1200,"height":675,"url":"https:\/\/rossellolaw.com\/wp-content\/uploads\/2023\/03\/rosello-th.jpg","type":"image\/jpeg"}],"twitter_card":"summary_large_image","schema":{"@context":"https:\/\/schema.org","@graph":[{"@type":"WebPage","@id":"https:\/\/rossellolaw.com\/de\/kontakt\/","url":"https:\/\/rossellolaw.com\/de\/kontakt\/","name":"Kontakt | ROSSELLO Abogados","isPartOf":{"@id":"https:\/\/rossellolaw.com\/de\/#website"},"datePublished":"2022-10-08T05:02:37+00:00","dateModified":"2023-12-15T15:52:57+00:00","breadcrumb":{"@id":"https:\/\/rossellolaw.com\/de\/kontakt\/#breadcrumb"},"inLanguage":"de","potentialAction":[{"@type":"ReadAction","target":["https:\/\/rossellolaw.com\/de\/kontakt\/"]}]},{"@type":"BreadcrumbList","@id":"https:\/\/rossellolaw.com\/de\/kontakt\/#breadcrumb","itemListElement":[{"@type":"ListItem","position":1,"name":"Home","item":"https:\/\/rossellolaw.com\/de\/"},{"@type":"ListItem","position":2,"name":"Kontakt"}]},{"@type":"WebSite","@id":"https:\/\/rossellolaw.com\/de\/#website","url":"https:\/\/rossellolaw.com\/de\/","name":"ROSSELLO Abogados","description":"Representando a inversionistas nacionales y extranjeros","publisher":{"@id":"https:\/\/rossellolaw.com\/de\/#organization"},"potentialAction":[{"@type":"SearchAction","target":{"@type":"EntryPoint","urlTemplate":"https:\/\/rossellolaw.com\/de\/?s={search_term_string}"},"query-input":"required name=search_term_string"}],"inLanguage":"de"},{"@type":"Organization","@id":"https:\/\/rossellolaw.com\/de\/#organization","name":"Estudio Rosello","url":"https:\/\/rossellolaw.com\/de\/","logo":{"@type":"ImageObject","inLanguage":"de","@id":"https:\/\/rossellolaw.com\/de\/#\/schema\/logo\/image\/","url":"https:\/\/rossellolaw.com\/wp-content\/uploads\/2022\/10\/logo.svg","contentUrl":"https:\/\/rossellolaw.com\/wp-content\/uploads\/2022\/10\/logo.svg","width":1633.299999999999954525264911353588104248046875,"height":717.700000000000045474735088646411895751953125,"caption":"Estudio Rosello"},"image":{"@id":"https:\/\/rossellolaw.com\/de\/#\/schema\/logo\/image\/"}}]}},"_links":{"self":[{"href":"https:\/\/rossellolaw.com\/de\/wp-json\/wp\/v2\/pages\/3339","targetHints":{"allow":["GET"]}}],"collection":[{"href":"https:\/\/rossellolaw.com\/de\/wp-json\/wp\/v2\/pages"}],"about":[{"href":"https:\/\/rossellolaw.com\/de\/wp-json\/wp\/v2\/types\/page"}],"author":[{"embeddable":true,"href":"https:\/\/rossellolaw.com\/de\/wp-json\/wp\/v2\/users\/3"}],"replies":[{"embeddable":true,"href":"https:\/\/rossellolaw.com\/de\/wp-json\/wp\/v2\/comments?post=3339"}],"version-history":[{"count":13,"href":"https:\/\/rossellolaw.com\/de\/wp-json\/wp\/v2\/pages\/3339\/revisions"}],"predecessor-version":[{"id":3353,"href":"https:\/\/rossellolaw.com\/de\/wp-json\/wp\/v2\/pages\/3339\/revisions\/3353"}],"wp:attachment":[{"href":"https:\/\/rossellolaw.com\/de\/wp-json\/wp\/v2\/media?parent=3339"}],"curies":[{"name":"wp","href":"https:\/\/api.w.org\/{rel}","templated":true}]}}