{"id":3354,"date":"2022-10-11T16:12:32","date_gmt":"2022-10-11T21:12:32","guid":{"rendered":"https:\/\/rossellolaw.com\/?page_id=3354"},"modified":"2023-12-15T11:00:56","modified_gmt":"2023-12-15T16:00:56","slug":"konsultationen","status":"publish","type":"page","link":"https:\/\/rossellolaw.com\/de\/konsultationen\/","title":{"rendered":"Konsultationen"},"content":{"rendered":"\t\t<div data-elementor-type=\"wp-page\" data-elementor-id=\"3354\" class=\"elementor elementor-3354 elementor-530\">\n\t\t\t\t\t\t<div class=\"elementor-inner\">\n\t\t\t\t<div class=\"elementor-section-wrap\">\n\t\t\t\t\t\t\t\t\t<section data-dce-background-overlay-color=\"#FFFFFF\" data-dce-background-image-url=\"https:\/\/rossellolaw.com\/wp-content\/uploads\/2022\/10\/bg-nosotros.jpg\" class=\"elementor-section elementor-top-section elementor-element elementor-element-3da483a elementor-section-height-min-height rey-section-bg--classic rey-section-stretched elementor-section-boxed elementor-section-height-default elementor-section-items-middle\" data-id=\"3da483a\" data-element_type=\"section\" data-settings=\"{&quot;background_background&quot;:&quot;classic&quot;,&quot;jet_parallax_layout_list&quot;:[]}\">\n\t\t\t\t\t\t\t<div class=\"elementor-background-overlay\"><\/div>\n\t\t\t\t\t\t\t<div class=\"elementor-container elementor-column-gap-default\">\n\t\t\t\t\t\t\t<div class=\"elementor-row\">\n\t\t\t\t\t<div class=\"elementor-column elementor-col-100 elementor-top-column elementor-element elementor-element-e4bd8d1\" data-id=\"e4bd8d1\" data-element_type=\"column\">\n\t\t\t<div class=\"elementor-column-wrap--e4bd8d1 elementor-column-wrap elementor-element-populated\">\n\t\t\t\t\t\t\t<div class=\"elementor-widget-wrap\">\n\t\t\t\t\t\t<div class=\"elementor-element elementor-element-00a52d9 elementor-widget elementor-widget-heading\" data-id=\"00a52d9\" data-element_type=\"widget\" data-widget_type=\"heading.default\">\n\t\t\t\t<div class=\"elementor-widget-container\">\n\t\t\t<h1 class=\"elementor-heading-title elementor-size-default\">Konsultationen<\/h1>\t\t<\/div>\n\t\t\t\t<\/div>\n\t\t\t\t\t\t<\/div>\n\t\t\t\t\t<\/div>\n\t\t<\/div>\n\t\t\t\t\t\t\t\t<\/div>\n\t\t\t\t\t<\/div>\n\t\t<\/section>\n\t\t\t\t<section class=\"elementor-section elementor-top-section elementor-element elementor-element-489f61c elementor-section-boxed elementor-section-height-default elementor-section-height-default\" data-id=\"489f61c\" data-element_type=\"section\" data-settings=\"{&quot;jet_parallax_layout_list&quot;:[]}\">\n\t\t\t\t\t\t<div class=\"elementor-container elementor-column-gap-default\">\n\t\t\t\t\t\t\t<div class=\"elementor-row\">\n\t\t\t\t\t<div class=\"elementor-column elementor-col-100 elementor-top-column elementor-element elementor-element-f4272c7\" data-id=\"f4272c7\" data-element_type=\"column\">\n\t\t\t<div class=\"elementor-column-wrap--f4272c7 elementor-column-wrap elementor-element-populated\">\n\t\t\t\t\t\t\t<div class=\"elementor-widget-wrap\">\n\t\t\t\t\t\t<div class=\"elementor-element elementor-element-e603fe5 elementor-widget elementor-widget-heading\" data-id=\"e603fe5\" data-element_type=\"widget\" data-widget_type=\"heading.default\">\n\t\t\t\t<div class=\"elementor-widget-container\">\n\t\t\t<span class=\"elementor-heading-title elementor-size-default\">Bitte f\u00fcllen Sie das folgende Formular aus<\/span>\t\t<\/div>\n\t\t\t\t<\/div>\n\t\t\t\t<div class=\"elementor-element elementor-element-39b88b7 elementor-widget elementor-widget-text-editor\" data-id=\"39b88b7\" data-element_type=\"widget\" data-widget_type=\"text-editor.default\">\n\t\t\t\t<div class=\"elementor-widget-container\">\n\t\t\t\t\t\t\t\t<div class=\"elementor-text-editor elementor-clearfix\">\n\t\t\t\t<p>Dieses Formular wird nur an unseren Compliance Beauftragten (OC) weitergeleitet.<\/p>\t\t\t\t\t<\/div>\n\t\t\t\t\t\t<\/div>\n\t\t\t\t<\/div>\n\t\t\t\t<div class=\"elementor-element elementor-element-031314c elementor-button-align-start elementor-mobile-button-align-center elementor-widget elementor-widget-form\" data-id=\"031314c\" data-element_type=\"widget\" data-settings=\"{&quot;step_next_label&quot;:&quot;Next&quot;,&quot;step_previous_label&quot;:&quot;Previous&quot;,&quot;button_width&quot;:&quot;100&quot;,&quot;step_type&quot;:&quot;number_text&quot;,&quot;step_icon_shape&quot;:&quot;circle&quot;}\" data-widget_type=\"form.default\">\n\t\t\t\t<div class=\"elementor-widget-container\">\n\t\t\t\t\t<form class=\"elementor-form\" method=\"post\" name=\"New Form\">\n\t\t\t<input type=\"hidden\" name=\"post_id\" value=\"3354\"\/>\n\t\t\t<input type=\"hidden\" name=\"form_id\" value=\"031314c\"\/>\n\t\t\t<input type=\"hidden\" name=\"referer_title\" value=\"ROSSELLO Abogados\" \/>\n\n\t\t\t\n\t\t\t<div class=\"elementor-form-fields-wrapper elementor-labels-\">\n\t\t\t\t\t\t\t\t<div class=\"elementor-field-type-text elementor-field-group elementor-column elementor-field-group-name elementor-col-50 elementor-field-required\">\n\t\t\t\t\t\t\t\t\t\t\t\t<label for=\"form-field-name\" class=\"elementor-field-label elementor-screen-only\">\n\t\t\t\t\t\t\t\tName\t\t\t\t\t\t\t<\/label>\n\t\t\t\t\t\t\t\t\t\t\t\t\t\t<input size=\"1\" type=\"text\" name=\"form_fields[name]\" id=\"form-field-name\" class=\"elementor-field elementor-size-md  elementor-field-textual\" placeholder=\"Name\" required=\"required\" aria-required=\"true\">\n\t\t\t\t\t\t\t\t\t\t\t<\/div>\n\t\t\t\t\t\t\t\t<div class=\"elementor-field-type-text elementor-field-group elementor-column elementor-field-group-field_3b4ce8b elementor-col-50 elementor-field-required\">\n\t\t\t\t\t\t\t\t\t\t\t\t<label for=\"form-field-field_3b4ce8b\" class=\"elementor-field-label elementor-screen-only\">\n\t\t\t\t\t\t\t\tNachname\t\t\t\t\t\t\t<\/label>\n\t\t\t\t\t\t\t\t\t\t\t\t\t\t<input size=\"1\" type=\"text\" name=\"form_fields[field_3b4ce8b]\" id=\"form-field-field_3b4ce8b\" class=\"elementor-field elementor-size-md  elementor-field-textual\" placeholder=\"Nachname\" required=\"required\" aria-required=\"true\">\n\t\t\t\t\t\t\t\t\t\t\t<\/div>\n\t\t\t\t\t\t\t\t<div class=\"elementor-field-type-email elementor-field-group elementor-column elementor-field-group-email elementor-col-50 elementor-field-required\">\n\t\t\t\t\t\t\t\t\t\t\t\t<label for=\"form-field-email\" class=\"elementor-field-label elementor-screen-only\">\n\t\t\t\t\t\t\t\tE-Mail-Adresse\t\t\t\t\t\t\t<\/label>\n\t\t\t\t\t\t\t\t\t\t\t\t\t\t<input size=\"1\" type=\"email\" name=\"form_fields[email]\" id=\"form-field-email\" class=\"elementor-field elementor-size-md  elementor-field-textual\" placeholder=\"E-Mail-Adresse\" required=\"required\" aria-required=\"true\">\n\t\t\t\t\t\t\t\t\t\t\t<\/div>\n\t\t\t\t\t\t\t\t<div class=\"elementor-field-type-tel elementor-field-group elementor-column elementor-field-group-field_0ab8432 elementor-col-50 elementor-field-required\">\n\t\t\t\t\t\t\t\t\t\t\t\t<label for=\"form-field-field_0ab8432\" class=\"elementor-field-label elementor-screen-only\">\n\t\t\t\t\t\t\t\tTelefon\t\t\t\t\t\t\t<\/label>\n\t\t\t\t\t\t\t\t<input size=\"1\" type=\"tel\" name=\"form_fields[field_0ab8432]\" id=\"form-field-field_0ab8432\" class=\"elementor-field elementor-size-md  elementor-field-textual\" placeholder=\"Telefon\" required=\"required\" aria-required=\"true\" pattern=\"[0-9()#&amp;+*-=.]+\" title=\"Only numbers and phone characters (#, -, *, etc) are accepted.\">\n\n\t\t\t\t\t\t<\/div>\n\t\t\t\t\t\t\t\t<div class=\"elementor-field-type-textarea elementor-field-group elementor-column elementor-field-group-message elementor-col-100 elementor-field-required\">\n\t\t\t\t\t\t\t\t\t\t\t\t<label for=\"form-field-message\" class=\"elementor-field-label elementor-screen-only\">\n\t\t\t\t\t\t\t\tKonsultation\t\t\t\t\t\t\t<\/label>\n\t\t\t\t\t\t<textarea class=\"elementor-field-textual elementor-field  elementor-size-md\" name=\"form_fields[message]\" id=\"form-field-message\" rows=\"7\" placeholder=\"Konsultation\" required=\"required\" aria-required=\"true\"><\/textarea>\t\t\t\t<\/div>\n\t\t\t\t\t\t\t\t<div class=\"elementor-field-type-upload elementor-field-group elementor-column elementor-field-group-field_9389c52 elementor-col-100\">\n\t\t\t\t\t\t\t<input type=\"file\" name=\"form_fields[field_9389c52][]\" id=\"form-field-field_9389c52\" class=\"elementor-field elementor-size-md  elementor-upload-field\" multiple=\"multiple\">\n\n\t\t\t\t\t\t<\/div>\n\t\t\t\t\t\t\t\t<div class=\"elementor-field-type-html elementor-field-group elementor-column elementor-field-group-field_baa96e0 elementor-col-100\">\n\t\t\t\t\t<b>*Anmerkung 1: <\/b> \u00dcberpr\u00fcfen Sie, ob die Angaben vollst\u00e4ndig und richtig sind, bevor Sie Ihre Beanstandung zum OC schicken.\n<br>\n<b>**Anmerkung 2:<\/b> Es wird empfohlen, eine Telefonnummer oder eine E-Mail-Adresse anzugeben, damit der OC Sie kontaktieren kann.\n<br>\n<b>***Anmerkung 3:<\/b> Wenn Sie Ihre Beschwerde weiterverfolgen m\u00f6chten, wenden Sie sich bitte an den CO unter oficialdecumplimiento@rossellolaw.com.\t\t\t\t<\/div>\n\t\t\t\t\t\t\t\t<div class=\"elementor-field-type-dce_unique_id elementor-field-group elementor-column elementor-field-group-field_4549176 elementor-col-100\">\n\t\t\t\t\t\t\t\t\t\t\t\t<label for=\"form-field-field_4549176\" class=\"elementor-field-label elementor-screen-only\">\n\t\t\t\t\t\t\t\tTicket #\t\t\t\t\t\t\t<\/label>\n\t\t\t\t\t\t<input type=\"hidden\" name=\"form_fields[field_4549176]\" id=\"form-field-field_4549176\" class=\"elementor-field elementor-size-md \" value=\"This field value is not available before submit\">\t\t\t\t<\/div>\n\t\t\t\t\t\t\t\t<div class=\"elementor-field-group elementor-column elementor-field-type-submit elementor-col-100 e-form__buttons\">\n\t\t\t\t\t<button type=\"submit\" class=\"elementor-button elementor-size-md\">\n\t\t\t\t\t\t<span >\n\t\t\t\t\t\t\t\t\t\t\t\t\t\t\t<span class=\" elementor-button-icon\">\n\t\t\t\t\t\t\t\t\t\t\t\t\t\t\t\t\t\t\t\t\t\t\t\t\t\t<\/span>\n\t\t\t\t\t\t\t\t\t\t\t\t\t\t\t\t\t\t\t\t\t\t<span class=\"elementor-button-text\">Senden<\/span>\n\t\t\t\t\t\t\t\t\t\t\t\t\t<\/span>\n\t\t\t\t\t<\/button>\n\t\t\t\t<\/div>\n\t\t\t<\/div>\n\t\t<\/form>\n\t\t\t\t<\/div>\n\t\t\t\t<\/div>\n\t\t\t\t\t\t<\/div>\n\t\t\t\t\t<\/div>\n\t\t<\/div>\n\t\t\t\t\t\t\t\t<\/div>\n\t\t\t\t\t<\/div>\n\t\t<\/section>\n\t\t\t\t\t\t\t\t\t<\/div>\n\t\t\t<\/div>\n\t\t\t\t\t<\/div>\n\t\t","protected":false},"excerpt":{"rendered":"<p>Bitte f\u00fcllen Sie das folgende Formular aus Dieses Formular wird nur an unseren Compliance Beauftragten (OC) weitergeleitet.<\/p>\n","protected":false},"author":3,"featured_media":0,"parent":0,"menu_order":0,"comment_status":"closed","ping_status":"closed","template":"","meta":{"footnotes":""},"class_list":["post-3354","page","type-page","status-publish","hentry"],"acf":[],"yoast_head":"<!-- This site is optimized with the Yoast SEO Premium plugin v20.3 (Yoast SEO v20.7) - https:\/\/yoast.com\/wordpress\/plugins\/seo\/ -->\n<title>Konsultationen | ROSSELLO Abogados<\/title>\n<meta name=\"robots\" content=\"index, follow, max-snippet:-1, max-image-preview:large, max-video-preview:-1\" \/>\n<link rel=\"canonical\" href=\"https:\/\/rossellolaw.com\/de\/konsultationen\/\" \/>\n<meta property=\"og:locale\" content=\"de_DE\" \/>\n<meta property=\"og:type\" content=\"article\" \/>\n<meta property=\"og:title\" content=\"Konsultationen\" \/>\n<meta property=\"og:description\" content=\"Bitte f\u00fcllen Sie das folgende Formular aus Dieses Formular wird nur an unseren Compliance Beauftragten (OC) weitergeleitet.\" \/>\n<meta property=\"og:url\" content=\"https:\/\/rossellolaw.com\/de\/konsultationen\/\" \/>\n<meta property=\"og:site_name\" content=\"ROSSELLO Abogados\" \/>\n<meta property=\"article:modified_time\" content=\"2023-12-15T16:00:56+00:00\" \/>\n<meta property=\"og:image\" content=\"https:\/\/rossellolaw.com\/wp-content\/uploads\/2023\/03\/rosello-th.jpg\" \/>\n\t<meta property=\"og:image:width\" content=\"1200\" \/>\n\t<meta property=\"og:image:height\" content=\"675\" \/>\n\t<meta property=\"og:image:type\" content=\"image\/jpeg\" \/>\n<meta name=\"twitter:card\" content=\"summary_large_image\" \/>\n<script type=\"application\/ld+json\" class=\"yoast-schema-graph\">{\"@context\":\"https:\/\/schema.org\",\"@graph\":[{\"@type\":\"WebPage\",\"@id\":\"https:\/\/rossellolaw.com\/de\/konsultationen\/\",\"url\":\"https:\/\/rossellolaw.com\/de\/konsultationen\/\",\"name\":\"Konsultationen | ROSSELLO Abogados\",\"isPartOf\":{\"@id\":\"https:\/\/rossellolaw.com\/de\/#website\"},\"datePublished\":\"2022-10-11T21:12:32+00:00\",\"dateModified\":\"2023-12-15T16:00:56+00:00\",\"breadcrumb\":{\"@id\":\"https:\/\/rossellolaw.com\/de\/konsultationen\/#breadcrumb\"},\"inLanguage\":\"de\",\"potentialAction\":[{\"@type\":\"ReadAction\",\"target\":[\"https:\/\/rossellolaw.com\/de\/konsultationen\/\"]}]},{\"@type\":\"BreadcrumbList\",\"@id\":\"https:\/\/rossellolaw.com\/de\/konsultationen\/#breadcrumb\",\"itemListElement\":[{\"@type\":\"ListItem\",\"position\":1,\"name\":\"Home\",\"item\":\"https:\/\/rossellolaw.com\/de\/\"},{\"@type\":\"ListItem\",\"position\":2,\"name\":\"Konsultationen\"}]},{\"@type\":\"WebSite\",\"@id\":\"https:\/\/rossellolaw.com\/de\/#website\",\"url\":\"https:\/\/rossellolaw.com\/de\/\",\"name\":\"ROSSELLO Abogados\",\"description\":\"Representando a inversionistas nacionales y extranjeros\",\"publisher\":{\"@id\":\"https:\/\/rossellolaw.com\/de\/#organization\"},\"potentialAction\":[{\"@type\":\"SearchAction\",\"target\":{\"@type\":\"EntryPoint\",\"urlTemplate\":\"https:\/\/rossellolaw.com\/de\/?s={search_term_string}\"},\"query-input\":\"required name=search_term_string\"}],\"inLanguage\":\"de\"},{\"@type\":\"Organization\",\"@id\":\"https:\/\/rossellolaw.com\/de\/#organization\",\"name\":\"Estudio Rosello\",\"url\":\"https:\/\/rossellolaw.com\/de\/\",\"logo\":{\"@type\":\"ImageObject\",\"inLanguage\":\"de\",\"@id\":\"https:\/\/rossellolaw.com\/de\/#\/schema\/logo\/image\/\",\"url\":\"https:\/\/rossellolaw.com\/wp-content\/uploads\/2022\/10\/logo.svg\",\"contentUrl\":\"https:\/\/rossellolaw.com\/wp-content\/uploads\/2022\/10\/logo.svg\",\"width\":1633.299999999999954525264911353588104248046875,\"height\":717.700000000000045474735088646411895751953125,\"caption\":\"Estudio Rosello\"},\"image\":{\"@id\":\"https:\/\/rossellolaw.com\/de\/#\/schema\/logo\/image\/\"}}]}<\/script>\n<!-- \/ Yoast SEO Premium plugin. -->","yoast_head_json":{"title":"Konsultationen | ROSSELLO Abogados","robots":{"index":"index","follow":"follow","max-snippet":"max-snippet:-1","max-image-preview":"max-image-preview:large","max-video-preview":"max-video-preview:-1"},"canonical":"https:\/\/rossellolaw.com\/de\/konsultationen\/","og_locale":"de_DE","og_type":"article","og_title":"Konsultationen","og_description":"Bitte f\u00fcllen Sie das folgende Formular aus Dieses Formular wird nur an unseren Compliance Beauftragten (OC) weitergeleitet.","og_url":"https:\/\/rossellolaw.com\/de\/konsultationen\/","og_site_name":"ROSSELLO Abogados","article_modified_time":"2023-12-15T16:00:56+00:00","og_image":[{"width":1200,"height":675,"url":"https:\/\/rossellolaw.com\/wp-content\/uploads\/2023\/03\/rosello-th.jpg","type":"image\/jpeg"}],"twitter_card":"summary_large_image","schema":{"@context":"https:\/\/schema.org","@graph":[{"@type":"WebPage","@id":"https:\/\/rossellolaw.com\/de\/konsultationen\/","url":"https:\/\/rossellolaw.com\/de\/konsultationen\/","name":"Konsultationen | ROSSELLO Abogados","isPartOf":{"@id":"https:\/\/rossellolaw.com\/de\/#website"},"datePublished":"2022-10-11T21:12:32+00:00","dateModified":"2023-12-15T16:00:56+00:00","breadcrumb":{"@id":"https:\/\/rossellolaw.com\/de\/konsultationen\/#breadcrumb"},"inLanguage":"de","potentialAction":[{"@type":"ReadAction","target":["https:\/\/rossellolaw.com\/de\/konsultationen\/"]}]},{"@type":"BreadcrumbList","@id":"https:\/\/rossellolaw.com\/de\/konsultationen\/#breadcrumb","itemListElement":[{"@type":"ListItem","position":1,"name":"Home","item":"https:\/\/rossellolaw.com\/de\/"},{"@type":"ListItem","position":2,"name":"Konsultationen"}]},{"@type":"WebSite","@id":"https:\/\/rossellolaw.com\/de\/#website","url":"https:\/\/rossellolaw.com\/de\/","name":"ROSSELLO Abogados","description":"Representando a inversionistas nacionales y extranjeros","publisher":{"@id":"https:\/\/rossellolaw.com\/de\/#organization"},"potentialAction":[{"@type":"SearchAction","target":{"@type":"EntryPoint","urlTemplate":"https:\/\/rossellolaw.com\/de\/?s={search_term_string}"},"query-input":"required name=search_term_string"}],"inLanguage":"de"},{"@type":"Organization","@id":"https:\/\/rossellolaw.com\/de\/#organization","name":"Estudio Rosello","url":"https:\/\/rossellolaw.com\/de\/","logo":{"@type":"ImageObject","inLanguage":"de","@id":"https:\/\/rossellolaw.com\/de\/#\/schema\/logo\/image\/","url":"https:\/\/rossellolaw.com\/wp-content\/uploads\/2022\/10\/logo.svg","contentUrl":"https:\/\/rossellolaw.com\/wp-content\/uploads\/2022\/10\/logo.svg","width":1633.299999999999954525264911353588104248046875,"height":717.700000000000045474735088646411895751953125,"caption":"Estudio Rosello"},"image":{"@id":"https:\/\/rossellolaw.com\/de\/#\/schema\/logo\/image\/"}}]}},"_links":{"self":[{"href":"https:\/\/rossellolaw.com\/de\/wp-json\/wp\/v2\/pages\/3354","targetHints":{"allow":["GET"]}}],"collection":[{"href":"https:\/\/rossellolaw.com\/de\/wp-json\/wp\/v2\/pages"}],"about":[{"href":"https:\/\/rossellolaw.com\/de\/wp-json\/wp\/v2\/types\/page"}],"author":[{"embeddable":true,"href":"https:\/\/rossellolaw.com\/de\/wp-json\/wp\/v2\/users\/3"}],"replies":[{"embeddable":true,"href":"https:\/\/rossellolaw.com\/de\/wp-json\/wp\/v2\/comments?post=3354"}],"version-history":[{"count":4,"href":"https:\/\/rossellolaw.com\/de\/wp-json\/wp\/v2\/pages\/3354\/revisions"}],"predecessor-version":[{"id":3360,"href":"https:\/\/rossellolaw.com\/de\/wp-json\/wp\/v2\/pages\/3354\/revisions\/3360"}],"wp:attachment":[{"href":"https:\/\/rossellolaw.com\/de\/wp-json\/wp\/v2\/media?parent=3354"}],"curies":[{"name":"wp","href":"https:\/\/api.w.org\/{rel}","templated":true}]}}