{"id":3361,"date":"2022-10-11T16:12:44","date_gmt":"2022-10-11T21:12:44","guid":{"rendered":"https:\/\/rossellolaw.com\/?page_id=3361"},"modified":"2023-12-15T11:17:04","modified_gmt":"2023-12-15T16:17:04","slug":"beanstandungen","status":"publish","type":"page","link":"https:\/\/rossellolaw.com\/de\/beanstandungen\/","title":{"rendered":"Beanstandungen"},"content":{"rendered":"\t\t<div data-elementor-type=\"wp-page\" data-elementor-id=\"3361\" class=\"elementor elementor-3361 elementor-532\">\n\t\t\t\t\t\t<div class=\"elementor-inner\">\n\t\t\t\t<div class=\"elementor-section-wrap\">\n\t\t\t\t\t\t\t\t\t<section data-dce-background-overlay-color=\"#FFFFFF\" data-dce-background-image-url=\"https:\/\/rossellolaw.com\/wp-content\/uploads\/2022\/10\/bg-nosotros.jpg\" class=\"elementor-section elementor-top-section elementor-element elementor-element-dd0a8b0 elementor-section-height-min-height rey-section-bg--classic rey-section-stretched elementor-section-boxed elementor-section-height-default elementor-section-items-middle\" data-id=\"dd0a8b0\" data-element_type=\"section\" data-settings=\"{&quot;background_background&quot;:&quot;classic&quot;,&quot;jet_parallax_layout_list&quot;:[]}\">\n\t\t\t\t\t\t\t<div class=\"elementor-background-overlay\"><\/div>\n\t\t\t\t\t\t\t<div class=\"elementor-container elementor-column-gap-default\">\n\t\t\t\t\t\t\t<div class=\"elementor-row\">\n\t\t\t\t\t<div class=\"elementor-column elementor-col-100 elementor-top-column elementor-element elementor-element-2524881\" data-id=\"2524881\" data-element_type=\"column\">\n\t\t\t<div class=\"elementor-column-wrap--2524881 elementor-column-wrap elementor-element-populated\">\n\t\t\t\t\t\t\t<div class=\"elementor-widget-wrap\">\n\t\t\t\t\t\t<div class=\"elementor-element elementor-element-c0a328f elementor-widget elementor-widget-heading\" data-id=\"c0a328f\" data-element_type=\"widget\" data-widget_type=\"heading.default\">\n\t\t\t\t<div class=\"elementor-widget-container\">\n\t\t\t<h1 class=\"elementor-heading-title elementor-size-default\">Beanstandungen<\/h1>\t\t<\/div>\n\t\t\t\t<\/div>\n\t\t\t\t\t\t<\/div>\n\t\t\t\t\t<\/div>\n\t\t<\/div>\n\t\t\t\t\t\t\t\t<\/div>\n\t\t\t\t\t<\/div>\n\t\t<\/section>\n\t\t\t\t<section class=\"elementor-section elementor-top-section elementor-element elementor-element-073f703 elementor-section-boxed elementor-section-height-default elementor-section-height-default\" data-id=\"073f703\" data-element_type=\"section\" data-settings=\"{&quot;jet_parallax_layout_list&quot;:[]}\">\n\t\t\t\t\t\t<div class=\"elementor-container elementor-column-gap-default\">\n\t\t\t\t\t\t\t<div class=\"elementor-row\">\n\t\t\t\t\t<div class=\"elementor-column elementor-col-100 elementor-top-column elementor-element elementor-element-d015d85\" data-id=\"d015d85\" data-element_type=\"column\">\n\t\t\t<div class=\"elementor-column-wrap--d015d85 elementor-column-wrap elementor-element-populated\">\n\t\t\t\t\t\t\t<div class=\"elementor-widget-wrap\">\n\t\t\t\t\t\t<div class=\"elementor-element elementor-element-136d768 elementor-widget elementor-widget-heading\" data-id=\"136d768\" data-element_type=\"widget\" data-widget_type=\"heading.default\">\n\t\t\t\t<div class=\"elementor-widget-container\">\n\t\t\t<span class=\"elementor-heading-title elementor-size-default\">Bitte f\u00fcllen Sie das folgende Formular aus<\/span>\t\t<\/div>\n\t\t\t\t<\/div>\n\t\t\t\t<div class=\"elementor-element elementor-element-503c3b6 elementor-widget elementor-widget-text-editor\" data-id=\"503c3b6\" data-element_type=\"widget\" data-widget_type=\"text-editor.default\">\n\t\t\t\t<div class=\"elementor-widget-container\">\n\t\t\t\t\t\t\t\t<div class=\"elementor-text-editor elementor-clearfix\">\n\t\t\t\t<p>Dieses Formular wird nur an unseren Compliance Beauftragten (CO) weitergeleitet.<\/p><p>Die von Ihnen eingereichte Meldung kann anonym (d. h. ohne Angabe Ihres Vor- und Nachnamens und\/oder Ihrer E-Mail-Adresse) oder unter Offenlegung Ihrer Identit\u00e4t (unter Angabe Ihres Vor- und Nachnamens und\/oder Ihrer E-Mail-Adresse) erfolgen. In letzterem Fall wird Ihre Identit\u00e4t vertraulich behandelt und gesch\u00fctzt, um sie w\u00e4hrend des eventuell eingeleiteten Untersuchungsverfahrens und der nachfolgenden Ma\u00dfnahmen zu sch\u00fctzen.<\/p><p>Au\u00dferdem wird Ihre Meldung, ob anonym oder nicht, vertraulich behandelt.<\/p>\t\t\t\t\t<\/div>\n\t\t\t\t\t\t<\/div>\n\t\t\t\t<\/div>\n\t\t\t\t<div class=\"elementor-element elementor-element-57f92f6 elementor-button-align-start elementor-mobile-button-align-center elementor-widget elementor-widget-form\" data-id=\"57f92f6\" data-element_type=\"widget\" data-settings=\"{&quot;step_next_label&quot;:&quot;Next&quot;,&quot;step_previous_label&quot;:&quot;Previous&quot;,&quot;button_width&quot;:&quot;100&quot;,&quot;step_type&quot;:&quot;number_text&quot;,&quot;step_icon_shape&quot;:&quot;circle&quot;}\" data-widget_type=\"form.default\">\n\t\t\t\t<div class=\"elementor-widget-container\">\n\t\t\t\t\t<form class=\"elementor-form\" method=\"post\" name=\"New Form\">\n\t\t\t<input type=\"hidden\" name=\"post_id\" value=\"3361\"\/>\n\t\t\t<input type=\"hidden\" name=\"form_id\" value=\"57f92f6\"\/>\n\t\t\t<input type=\"hidden\" name=\"referer_title\" value=\"ROSSELLO Abogados\" \/>\n\n\t\t\t\n\t\t\t<div class=\"elementor-form-fields-wrapper elementor-labels-\">\n\t\t\t\t\t\t\t\t<div class=\"elementor-field-type-text elementor-field-group elementor-column elementor-field-group-name elementor-col-50\">\n\t\t\t\t\t\t\t\t\t\t\t\t<label for=\"form-field-name\" class=\"elementor-field-label elementor-screen-only\">\n\t\t\t\t\t\t\t\tName\t\t\t\t\t\t\t<\/label>\n\t\t\t\t\t\t\t\t\t\t\t\t\t\t<input size=\"1\" type=\"text\" name=\"form_fields[name]\" id=\"form-field-name\" class=\"elementor-field elementor-size-md  elementor-field-textual\" placeholder=\"Name\">\n\t\t\t\t\t\t\t\t\t\t\t<\/div>\n\t\t\t\t\t\t\t\t<div class=\"elementor-field-type-text elementor-field-group elementor-column elementor-field-group-field_3b4ce8b elementor-col-50\">\n\t\t\t\t\t\t\t\t\t\t\t\t<label for=\"form-field-field_3b4ce8b\" class=\"elementor-field-label elementor-screen-only\">\n\t\t\t\t\t\t\t\tNachname\t\t\t\t\t\t\t<\/label>\n\t\t\t\t\t\t\t\t\t\t\t\t\t\t<input size=\"1\" type=\"text\" name=\"form_fields[field_3b4ce8b]\" id=\"form-field-field_3b4ce8b\" class=\"elementor-field elementor-size-md  elementor-field-textual\" placeholder=\"Nachname\">\n\t\t\t\t\t\t\t\t\t\t\t<\/div>\n\t\t\t\t\t\t\t\t<div class=\"elementor-field-type-email elementor-field-group elementor-column elementor-field-group-field_c6f51db elementor-col-50\">\n\t\t\t\t\t\t\t\t\t\t\t\t<label for=\"form-field-field_c6f51db\" class=\"elementor-field-label elementor-screen-only\">\n\t\t\t\t\t\t\t\tE-Mail-Adresse\t\t\t\t\t\t\t<\/label>\n\t\t\t\t\t\t\t\t\t\t\t\t\t\t<input size=\"1\" type=\"email\" name=\"form_fields[field_c6f51db]\" id=\"form-field-field_c6f51db\" class=\"elementor-field elementor-size-md  elementor-field-textual\" placeholder=\"E-Mail-Adresse\">\n\t\t\t\t\t\t\t\t\t\t\t<\/div>\n\t\t\t\t\t\t\t\t<div class=\"elementor-field-type-tel elementor-field-group elementor-column elementor-field-group-field_0ab8432 elementor-col-50\">\n\t\t\t\t\t\t\t\t\t\t\t\t<label for=\"form-field-field_0ab8432\" class=\"elementor-field-label elementor-screen-only\">\n\t\t\t\t\t\t\t\tTelefon\t\t\t\t\t\t\t<\/label>\n\t\t\t\t\t\t\t\t<input size=\"1\" type=\"tel\" name=\"form_fields[field_0ab8432]\" id=\"form-field-field_0ab8432\" class=\"elementor-field elementor-size-md  elementor-field-textual\" placeholder=\"Telefon\" pattern=\"[0-9()#&amp;+*-=.]+\" title=\"Only numbers and phone characters (#, -, *, etc) are accepted.\">\n\n\t\t\t\t\t\t<\/div>\n\t\t\t\t\t\t\t\t<div class=\"elementor-field-type-text elementor-field-group elementor-column elementor-field-group-field_1ff5a91 elementor-col-100 elementor-field-required\">\n\t\t\t\t\t\t\t\t\t\t\t\t<label for=\"form-field-field_1ff5a91\" class=\"elementor-field-label elementor-screen-only\">\n\t\t\t\t\t\t\t\tAngaben zu den Beteiligten in der Anzeige\t\t\t\t\t\t\t<\/label>\n\t\t\t\t\t\t\t\t\t\t\t\t\t\t<input size=\"1\" type=\"text\" name=\"form_fields[field_1ff5a91]\" id=\"form-field-field_1ff5a91\" class=\"elementor-field elementor-size-md  elementor-field-textual\" placeholder=\"Angaben zu den Beteiligten in der Anzeige\" required=\"required\" aria-required=\"true\">\n\t\t\t\t\t\t\t\t\t\t\t<\/div>\n\t\t\t\t\t\t\t\t<div class=\"elementor-field-type-textarea elementor-field-group elementor-column elementor-field-group-message elementor-col-100 elementor-field-required\">\n\t\t\t\t\t\t\t\t\t\t\t\t<label for=\"form-field-message\" class=\"elementor-field-label elementor-screen-only\">\n\t\t\t\t\t\t\t\tBeanstandung\t\t\t\t\t\t\t<\/label>\n\t\t\t\t\t\t<textarea class=\"elementor-field-textual elementor-field  elementor-size-md\" name=\"form_fields[message]\" id=\"form-field-message\" rows=\"7\" placeholder=\"Beanstandung\" required=\"required\" aria-required=\"true\"><\/textarea>\t\t\t\t<\/div>\n\t\t\t\t\t\t\t\t<div class=\"elementor-field-type-upload elementor-field-group elementor-column elementor-field-group-field_9389c52 elementor-col-100\">\n\t\t\t\t\t\t\t<input type=\"file\" name=\"form_fields[field_9389c52]\" id=\"form-field-field_9389c52\" class=\"elementor-field elementor-size-md  elementor-upload-field\">\n\n\t\t\t\t\t\t<\/div>\n\t\t\t\t\t\t\t\t<div class=\"elementor-field-type-html elementor-field-group elementor-column elementor-field-group-field_baa96e0 elementor-col-100\">\n\t\t\t\t\t<b>*Anmerkung 1:<\/b> \u00dcberpr\u00fcfen Sie, ob die Angaben vollst\u00e4ndig und richtig sind, bevor Sie Ihre Beanstandung zum OC schicken.\n<br>\n<b>**Anmerkung 2:<\/b> Es wird empfohlen, eine Telefonnummer oder eine E-Mail-Adresse anzugeben, damit der OC Sie kontaktieren kann.\n<br>\n<b>***Anmerkung 3:<\/b> Wenn Sie Ihre Beschwerde weiterverfolgen m\u00f6chten, wenden Sie sich bitte an den CO unter oficialdecumplimiento@rossellolaw.com.\t\t\t\t<\/div>\n\t\t\t\t\t\t\t\t<div class=\"elementor-field-type-dce_unique_id elementor-field-group elementor-column elementor-field-group-field_7bc1e8b elementor-col-100\">\n\t\t\t\t\t\t\t\t\t\t\t\t<label for=\"form-field-field_7bc1e8b\" class=\"elementor-field-label elementor-screen-only\">\n\t\t\t\t\t\t\t\tTicket #\t\t\t\t\t\t\t<\/label>\n\t\t\t\t\t\t<input type=\"hidden\" name=\"form_fields[field_7bc1e8b]\" id=\"form-field-field_7bc1e8b\" class=\"elementor-field elementor-size-md \" value=\"This field value is not available before submit\">\t\t\t\t<\/div>\n\t\t\t\t\t\t\t\t<div class=\"elementor-field-group elementor-column elementor-field-type-submit elementor-col-100 e-form__buttons\">\n\t\t\t\t\t<button type=\"submit\" class=\"elementor-button elementor-size-md\">\n\t\t\t\t\t\t<span >\n\t\t\t\t\t\t\t\t\t\t\t\t\t\t\t<span class=\" elementor-button-icon\">\n\t\t\t\t\t\t\t\t\t\t\t\t\t\t\t\t\t\t\t\t\t\t\t\t\t\t<\/span>\n\t\t\t\t\t\t\t\t\t\t\t\t\t\t\t\t\t\t\t\t\t\t<span class=\"elementor-button-text\">Senden<\/span>\n\t\t\t\t\t\t\t\t\t\t\t\t\t<\/span>\n\t\t\t\t\t<\/button>\n\t\t\t\t<\/div>\n\t\t\t<\/div>\n\t\t<\/form>\n\t\t\t\t<\/div>\n\t\t\t\t<\/div>\n\t\t\t\t\t\t<\/div>\n\t\t\t\t\t<\/div>\n\t\t<\/div>\n\t\t\t\t\t\t\t\t<\/div>\n\t\t\t\t\t<\/div>\n\t\t<\/section>\n\t\t\t\t\t\t\t\t\t<\/div>\n\t\t\t<\/div>\n\t\t\t\t\t<\/div>\n\t\t","protected":false},"excerpt":{"rendered":"<p>Bitte f\u00fcllen Sie das folgende Formular aus Dieses Formular wird nur an unseren Compliance Beauftragten (CO) weitergeleitet. Die von Ihnen eingereichte Meldung kann anonym (d. h. ohne Angabe Ihres Vor- und Nachnamens und\/oder Ihrer E-Mail-Adresse) oder unter Offenlegung Ihrer Identit\u00e4t (unter Angabe Ihres Vor- und Nachnamens und\/oder Ihrer E-Mail-Adresse) erfolgen. In letzterem Fall wird Ihre [&hellip;]<\/p>\n","protected":false},"author":3,"featured_media":0,"parent":0,"menu_order":0,"comment_status":"closed","ping_status":"closed","template":"","meta":{"footnotes":""},"class_list":["post-3361","page","type-page","status-publish","hentry"],"acf":[],"yoast_head":"<!-- This site is optimized with the Yoast SEO Premium plugin v20.3 (Yoast SEO v20.7) - https:\/\/yoast.com\/wordpress\/plugins\/seo\/ -->\n<title>Beanstandungen | ROSSELLO Abogados<\/title>\n<meta name=\"robots\" content=\"index, follow, max-snippet:-1, max-image-preview:large, max-video-preview:-1\" \/>\n<link rel=\"canonical\" href=\"https:\/\/rossellolaw.com\/de\/beanstandungen\/\" \/>\n<meta property=\"og:locale\" content=\"de_DE\" \/>\n<meta property=\"og:type\" content=\"article\" \/>\n<meta property=\"og:title\" content=\"Beanstandungen\" \/>\n<meta property=\"og:description\" content=\"Bitte f\u00fcllen Sie das folgende Formular aus Dieses Formular wird nur an unseren Compliance Beauftragten (CO) weitergeleitet. Die von Ihnen eingereichte Meldung kann anonym (d. h. ohne Angabe Ihres Vor- und Nachnamens und\/oder Ihrer E-Mail-Adresse) oder unter Offenlegung Ihrer Identit\u00e4t (unter Angabe Ihres Vor- und Nachnamens und\/oder Ihrer E-Mail-Adresse) erfolgen. In letzterem Fall wird Ihre [&hellip;]\" \/>\n<meta property=\"og:url\" content=\"https:\/\/rossellolaw.com\/de\/beanstandungen\/\" \/>\n<meta property=\"og:site_name\" content=\"ROSSELLO Abogados\" \/>\n<meta property=\"article:modified_time\" content=\"2023-12-15T16:17:04+00:00\" \/>\n<meta property=\"og:image\" content=\"https:\/\/rossellolaw.com\/wp-content\/uploads\/2023\/03\/rosello-th.jpg\" \/>\n\t<meta property=\"og:image:width\" content=\"1200\" \/>\n\t<meta property=\"og:image:height\" content=\"675\" \/>\n\t<meta property=\"og:image:type\" content=\"image\/jpeg\" \/>\n<meta name=\"twitter:card\" content=\"summary_large_image\" \/>\n<script type=\"application\/ld+json\" class=\"yoast-schema-graph\">{\"@context\":\"https:\/\/schema.org\",\"@graph\":[{\"@type\":\"WebPage\",\"@id\":\"https:\/\/rossellolaw.com\/de\/beanstandungen\/\",\"url\":\"https:\/\/rossellolaw.com\/de\/beanstandungen\/\",\"name\":\"Beanstandungen | ROSSELLO Abogados\",\"isPartOf\":{\"@id\":\"https:\/\/rossellolaw.com\/de\/#website\"},\"datePublished\":\"2022-10-11T21:12:44+00:00\",\"dateModified\":\"2023-12-15T16:17:04+00:00\",\"breadcrumb\":{\"@id\":\"https:\/\/rossellolaw.com\/de\/beanstandungen\/#breadcrumb\"},\"inLanguage\":\"de\",\"potentialAction\":[{\"@type\":\"ReadAction\",\"target\":[\"https:\/\/rossellolaw.com\/de\/beanstandungen\/\"]}]},{\"@type\":\"BreadcrumbList\",\"@id\":\"https:\/\/rossellolaw.com\/de\/beanstandungen\/#breadcrumb\",\"itemListElement\":[{\"@type\":\"ListItem\",\"position\":1,\"name\":\"Home\",\"item\":\"https:\/\/rossellolaw.com\/de\/\"},{\"@type\":\"ListItem\",\"position\":2,\"name\":\"Beanstandungen\"}]},{\"@type\":\"WebSite\",\"@id\":\"https:\/\/rossellolaw.com\/de\/#website\",\"url\":\"https:\/\/rossellolaw.com\/de\/\",\"name\":\"ROSSELLO Abogados\",\"description\":\"Representando a inversionistas nacionales y extranjeros\",\"publisher\":{\"@id\":\"https:\/\/rossellolaw.com\/de\/#organization\"},\"potentialAction\":[{\"@type\":\"SearchAction\",\"target\":{\"@type\":\"EntryPoint\",\"urlTemplate\":\"https:\/\/rossellolaw.com\/de\/?s={search_term_string}\"},\"query-input\":\"required name=search_term_string\"}],\"inLanguage\":\"de\"},{\"@type\":\"Organization\",\"@id\":\"https:\/\/rossellolaw.com\/de\/#organization\",\"name\":\"Estudio Rosello\",\"url\":\"https:\/\/rossellolaw.com\/de\/\",\"logo\":{\"@type\":\"ImageObject\",\"inLanguage\":\"de\",\"@id\":\"https:\/\/rossellolaw.com\/de\/#\/schema\/logo\/image\/\",\"url\":\"https:\/\/rossellolaw.com\/wp-content\/uploads\/2022\/10\/logo.svg\",\"contentUrl\":\"https:\/\/rossellolaw.com\/wp-content\/uploads\/2022\/10\/logo.svg\",\"width\":1633.299999999999954525264911353588104248046875,\"height\":717.700000000000045474735088646411895751953125,\"caption\":\"Estudio Rosello\"},\"image\":{\"@id\":\"https:\/\/rossellolaw.com\/de\/#\/schema\/logo\/image\/\"}}]}<\/script>\n<!-- \/ Yoast SEO Premium plugin. -->","yoast_head_json":{"title":"Beanstandungen | ROSSELLO Abogados","robots":{"index":"index","follow":"follow","max-snippet":"max-snippet:-1","max-image-preview":"max-image-preview:large","max-video-preview":"max-video-preview:-1"},"canonical":"https:\/\/rossellolaw.com\/de\/beanstandungen\/","og_locale":"de_DE","og_type":"article","og_title":"Beanstandungen","og_description":"Bitte f\u00fcllen Sie das folgende Formular aus Dieses Formular wird nur an unseren Compliance Beauftragten (CO) weitergeleitet. Die von Ihnen eingereichte Meldung kann anonym (d. h. ohne Angabe Ihres Vor- und Nachnamens und\/oder Ihrer E-Mail-Adresse) oder unter Offenlegung Ihrer Identit\u00e4t (unter Angabe Ihres Vor- und Nachnamens und\/oder Ihrer E-Mail-Adresse) erfolgen. In letzterem Fall wird Ihre [&hellip;]","og_url":"https:\/\/rossellolaw.com\/de\/beanstandungen\/","og_site_name":"ROSSELLO Abogados","article_modified_time":"2023-12-15T16:17:04+00:00","og_image":[{"width":1200,"height":675,"url":"https:\/\/rossellolaw.com\/wp-content\/uploads\/2023\/03\/rosello-th.jpg","type":"image\/jpeg"}],"twitter_card":"summary_large_image","schema":{"@context":"https:\/\/schema.org","@graph":[{"@type":"WebPage","@id":"https:\/\/rossellolaw.com\/de\/beanstandungen\/","url":"https:\/\/rossellolaw.com\/de\/beanstandungen\/","name":"Beanstandungen | ROSSELLO Abogados","isPartOf":{"@id":"https:\/\/rossellolaw.com\/de\/#website"},"datePublished":"2022-10-11T21:12:44+00:00","dateModified":"2023-12-15T16:17:04+00:00","breadcrumb":{"@id":"https:\/\/rossellolaw.com\/de\/beanstandungen\/#breadcrumb"},"inLanguage":"de","potentialAction":[{"@type":"ReadAction","target":["https:\/\/rossellolaw.com\/de\/beanstandungen\/"]}]},{"@type":"BreadcrumbList","@id":"https:\/\/rossellolaw.com\/de\/beanstandungen\/#breadcrumb","itemListElement":[{"@type":"ListItem","position":1,"name":"Home","item":"https:\/\/rossellolaw.com\/de\/"},{"@type":"ListItem","position":2,"name":"Beanstandungen"}]},{"@type":"WebSite","@id":"https:\/\/rossellolaw.com\/de\/#website","url":"https:\/\/rossellolaw.com\/de\/","name":"ROSSELLO Abogados","description":"Representando a inversionistas nacionales y extranjeros","publisher":{"@id":"https:\/\/rossellolaw.com\/de\/#organization"},"potentialAction":[{"@type":"SearchAction","target":{"@type":"EntryPoint","urlTemplate":"https:\/\/rossellolaw.com\/de\/?s={search_term_string}"},"query-input":"required name=search_term_string"}],"inLanguage":"de"},{"@type":"Organization","@id":"https:\/\/rossellolaw.com\/de\/#organization","name":"Estudio Rosello","url":"https:\/\/rossellolaw.com\/de\/","logo":{"@type":"ImageObject","inLanguage":"de","@id":"https:\/\/rossellolaw.com\/de\/#\/schema\/logo\/image\/","url":"https:\/\/rossellolaw.com\/wp-content\/uploads\/2022\/10\/logo.svg","contentUrl":"https:\/\/rossellolaw.com\/wp-content\/uploads\/2022\/10\/logo.svg","width":1633.299999999999954525264911353588104248046875,"height":717.700000000000045474735088646411895751953125,"caption":"Estudio Rosello"},"image":{"@id":"https:\/\/rossellolaw.com\/de\/#\/schema\/logo\/image\/"}}]}},"_links":{"self":[{"href":"https:\/\/rossellolaw.com\/de\/wp-json\/wp\/v2\/pages\/3361","targetHints":{"allow":["GET"]}}],"collection":[{"href":"https:\/\/rossellolaw.com\/de\/wp-json\/wp\/v2\/pages"}],"about":[{"href":"https:\/\/rossellolaw.com\/de\/wp-json\/wp\/v2\/types\/page"}],"author":[{"embeddable":true,"href":"https:\/\/rossellolaw.com\/de\/wp-json\/wp\/v2\/users\/3"}],"replies":[{"embeddable":true,"href":"https:\/\/rossellolaw.com\/de\/wp-json\/wp\/v2\/comments?post=3361"}],"version-history":[{"count":10,"href":"https:\/\/rossellolaw.com\/de\/wp-json\/wp\/v2\/pages\/3361\/revisions"}],"predecessor-version":[{"id":3373,"href":"https:\/\/rossellolaw.com\/de\/wp-json\/wp\/v2\/pages\/3361\/revisions\/3373"}],"wp:attachment":[{"href":"https:\/\/rossellolaw.com\/de\/wp-json\/wp\/v2\/media?parent=3361"}],"curies":[{"name":"wp","href":"https:\/\/api.w.org\/{rel}","templated":true}]}}